{"id":10203,"date":"2020-07-10T17:06:00","date_gmt":"2020-07-10T17:06:00","guid":{"rendered":"http:\/\/www.schirmen-pharma.com\/products-services\/"},"modified":"2021-01-13T08:37:36","modified_gmt":"2021-01-13T08:37:36","slug":"products-services","status":"publish","type":"page","link":"https:\/\/www.schirmen-pharma.com\/fr\/products-services\/","title":{"rendered":"Produits et services"},"content":{"rendered":"<div class=\"wpb-content-wrapper\"><p>[vc_row row_content_width=\u00a0\u00bbgrid\u00a0\u00bb css=\u00a0\u00bb.vc_custom_1592127496205{padding-top: 70px !important;padding-bottom: 70px !important;}\u00a0\u00bb][vc_column][vc_column_text]<strong>Schirmen Pharmaceuticals GmbH<\/strong> bas\u00e9e \u00een Allemagne une entreprise de fabrication et de commercialisation de produits pharmaceutiques et de soins de sant\u00e9 g\u00e9r\u00e9e par des professionnels. Nous dirigeons un groupe d&rsquo;importateurs, d&rsquo;exportateurs et de distributeurs dynamiques qui aident \u00e0 r\u00e9pondre \u00e0 la demande de plus en plus croissante de produits de qualit\u00e9 fabriqu\u00e9s dans nos installations partenaires de fabrication ultramodernes \u00e0 travers le monde, y compris en Allemagne. A travers notre r\u00e9seau de fabricants et de distributeurs pharmaceutiques, nous avons \u00e9t\u00e9 en mesure de combler l\u2019\u00e9cart entre la demande et l\u2019offre de produits pharmaceutiques de haute gamme tels que les antidiab\u00e9tiques, immunomodulateurs, antipaludiques, produits utilis\u00e9s en cardiologie et pour l\u2019hygi\u00e8ne de vie en g\u00e9n\u00e9ral.[\/vc_column_text][\/vc_column][\/vc_row][vc_row content_placement=\u00a0\u00bbmiddle\u00a0\u00bb row_content_width=\u00a0\u00bbgrid\u00a0\u00bb css=\u00a0\u00bb.vc_custom_1594400481220{padding-bottom: 70px !important;}\u00a0\u00bb][vc_column offset=\u00a0\u00bbvc_col-lg-6 vc_col-md-12 vc_col-xs-12&Prime;][vc_single_image image=\u00a0\u00bb10482&Prime; img_size=\u00a0\u00bbfull\u00a0\u00bb alignment=\u00a0\u00bbcenter\u00a0\u00bb][\/vc_column][vc_column offset=\u00a0\u00bbvc_col-lg-6 vc_col-xs-12&Prime;]<div class=\"mkdf-elements-holder mkdf-one-column mkdf-responsive-mode-768\" ><div class=\"mkdf-eh-item \"  data-item-class=\"mkdf-eh-custom-234703\" data-1280-1600=\"5px 0% 20px\" data-1024-1280=\"38px 0% 0px\" data-768-1024=\"0px 0%\" data-600-768=\"0px 0%\" data-480-600=\"0px 0%\" data-480=\"0px 0%\">\n\t<div class=\"mkdf-eh-item-inner\">\n\t\t<div class=\"mkdf-eh-item-content mkdf-eh-custom-234703\" style=\"padding: 40px 0% 0px\">\n\t\t\t[vc_column_text css=\u00a0\u00bb.vc_custom_1594541621991{margin-top: -18px !important;padding-bottom: 2px !important;}\u00a0\u00bb]<\/p>\n<h3>Produits<\/h3>\n<p>[\/vc_column_text][vc_column_text]<\/p>\n<ul>\n<li>Chez <strong>Schirmen Pharmaceuticals GmbH<\/strong>, nous nous engageons \u00e0 \u00eatre l&rsquo;un des principaux exportateurs de m\u00e9dicaments d&rsquo;Allemagne, en fournissant des produits pharmaceutiques abordables de haute qualit\u00e9 et des services in\u00e9gal\u00e9s disponibles dans l&rsquo;industrie.<\/li>\n<li>Nos produits pharmaceutiques,v\u00e9t\u00e9rinaires, suppl\u00e9ments nutritionnelset produits de consommables m\u00e9dicaux sont distribu\u00e9s de l&rsquo;Europe vers les pays en d\u00e9veloppement par le biais d&rsquo;un r\u00e9seau croissant d&rsquo;h\u00f4pitaux, de cliniques, de pharmacies et de secteurs de vente au d\u00e9tail.<\/li>\n<li>Lors de la fabrication et de la commercialisation de nos produits, chez Schirmen Pharmaceuticals, nous nous focalisons non seulement sur la qualit\u00e9, mais aussi sur le facteur d&rsquo;accessibilit\u00e9 pour les consommateurs et les patients qui ont le plus besoin de nos produits. Nos produits incarnent les ph\u00e9nom\u00e8nes les plus r\u00e9cents observ\u00e9s sur les march\u00e9s d\u00e9velopp\u00e9s et en d\u00e9veloppement.<\/li>\n<li>Bien que la demande en produits pharmaceutiques de qualit\u00e9 en provenance d&rsquo;Europe \u00e0 un prix abordable soit croissante dans les march\u00e9s \u00e9mergents, il est n\u00e9cessaire que ces march\u00e9s soient \u00e0 mesure d\u2019acc\u00e9der\u00e0 ces produits pharmaceutiques tout en pr\u00e9servant la vari\u00e9t\u00e9et la qualit\u00e9.<\/li>\n<li>L\u2019attention incessante que porte Schirmen Pharmaceuticals \u00e0 la qualit\u00e9 et \u00e0 la m\u00e9thodologie de production all\u00e9g\u00e9e sans toutes fois compromettre la qualit\u00e9 et le service client pr\u00e9disposent nos produits \u00e0 occuperuneplace unique sur le march\u00e9 mondial.<\/li>\n<li>Pour obtenir la derni\u00e8re liste de produits, \u00e9crivez-nous \u00e0 <a href=\"mailto:business@schirmen-pharma.com\">business@schirmen-pharma.com<\/a><\/li>\n<\/ul>\n<p>[\/vc_column_text]\t\t<\/div>\n\t<\/div>\n<\/div><\/div>[\/vc_column][\/vc_row][vc_row content_placement=\u00a0\u00bbmiddle\u00a0\u00bb row_content_width=\u00a0\u00bbgrid\u00a0\u00bb css=\u00a0\u00bb.vc_custom_1589826528845{padding-top: 50px !important;padding-bottom: 70px !important;}\u00a0\u00bb][vc_column offset=\u00a0\u00bbvc_col-lg-6 vc_col-md-12 vc_col-xs-12&Prime;]<div class=\"mkdf-elements-holder mkdf-one-column mkdf-responsive-mode-768\" ><div class=\"mkdf-eh-item \"  data-item-class=\"mkdf-eh-custom-399666\" data-1280-1600=\"5px 0% 20px\" data-1024-1280=\"38px 0% 0px\" data-768-1024=\"0px 0%\" data-600-768=\"0px 0%\" data-480-600=\"0px 0%\" data-480=\"0px 0%\">\n\t<div class=\"mkdf-eh-item-inner\">\n\t\t<div class=\"mkdf-eh-item-content mkdf-eh-custom-399666\" style=\"padding: 40px 0% 0px\">\n\t\t\t[vc_column_text css=\u00a0\u00bb.vc_custom_1594541883228{margin-top: -18px !important;padding-bottom: 2px !important;}\u00a0\u00bb]<\/p>\n<h3>Reglementaire<\/h3>\n<p>[\/vc_column_text][vc_column_text]<\/p>\n<ul>\n<li><strong>Schirmen Pharmaceuticals<\/strong> met l&rsquo;accent sur le respect et la conformit\u00e9 r\u00e9glementaire du march\u00e9 et adh\u00e9rons aux bonnes pratiques commerciales des pays dans lesquels nous op\u00e9rons.<\/li>\n<li>Nos fabricants et distributeurs de produits pharmaceutiques en Europe et partout dans le monde et partout dans le monde peuvent savoir compter sur notre exp\u00e9rience et notre personnel comp\u00e9tent pour effectuer les enregistrements de leurs produits de mani\u00e8re efficace et efficiente. Nous accompagnons sans rel\u00e2che nos partenaires tout au long du processus d&rsquo;enregistrement jusqu&rsquo;\u00e0 l\u2019obtention des autorisations de mise sur le march\u00e9et au lancement des produits sur le terrain.<\/li>\n<\/ul>\n<p>[\/vc_column_text]\t\t<\/div>\n\t<\/div>\n<\/div><\/div>[\/vc_column][vc_column offset=\u00a0\u00bbvc_col-lg-6 vc_col-md-12 vc_col-xs-12&Prime;][vc_single_image image=\u00a0\u00bb9815&Prime; img_size=\u00a0\u00bbfull\u00a0\u00bb alignment=\u00a0\u00bbcenter\u00a0\u00bb][\/vc_column][\/vc_row][vc_row content_placement=\u00a0\u00bbmiddle\u00a0\u00bb row_content_width=\u00a0\u00bbgrid\u00a0\u00bb css=\u00a0\u00bb.vc_custom_1594400481220{padding-bottom: 70px !important;}\u00a0\u00bb][vc_column offset=\u00a0\u00bbvc_col-lg-6 vc_col-md-12 vc_col-xs-12&Prime;][vc_single_image image=\u00a0\u00bb9767&Prime; img_size=\u00a0\u00bbfull\u00a0\u00bb alignment=\u00a0\u00bbcenter\u00a0\u00bb][\/vc_column][vc_column offset=\u00a0\u00bbvc_col-lg-6 vc_col-xs-12&Prime;]<div class=\"mkdf-elements-holder mkdf-one-column mkdf-responsive-mode-768\" ><div class=\"mkdf-eh-item \"  data-item-class=\"mkdf-eh-custom-236298\" data-1280-1600=\"5px 0% 20px\" data-1024-1280=\"38px 0% 0px\" data-768-1024=\"0px 0%\" data-600-768=\"0px 0%\" data-480-600=\"0px 0%\" data-480=\"0px 0%\">\n\t<div class=\"mkdf-eh-item-inner\">\n\t\t<div class=\"mkdf-eh-item-content mkdf-eh-custom-236298\" style=\"padding: 40px 0% 0px\">\n\t\t\t[vc_column_text css=\u00a0\u00bb.vc_custom_1594542025427{margin-top: -18px !important;padding-bottom: 2px !important;}\u00a0\u00bb]<\/p>\n<h3>Qualit\u00e9<\/h3>\n<p>[\/vc_column_text][vc_column_text]<\/p>\n<ul>\n<li>La d\u00e9finition plus large du syst\u00e8me de gestion de la qualit\u00e9 comprend tous les aspects de la qualit\u00e9 li\u00e9s aux personnes, aux installations, aux produits et aux services.<\/li>\n<li>Cependant, chez <strong>Schirmen<\/strong>, la gestion de la qualit\u00e9 ne se concentre pas seulement sur ces facteurs, mais aussi sur les moyens d&rsquo;y parvenir. Nous veillons \u00e0 ce que toute la diligence raisonnable soit suivie pendant le processus de fabrication de ces produits afin d&rsquo;obtenir la qualit\u00e9 la plus constante possible.<\/li>\n<li>Nous avons \u00e9galement cr\u00e9\u00e9 une position unique sur le march\u00e9 qui est bas\u00e9e sur la qualit\u00e9, la productivit\u00e9 et l&rsquo;analyse concurrentielle gr\u00e2ce \u00e0 une \u00e9tude minutieuse des exigences des clients. Notre politique est de r\u00e9pondre aux exigences de nos clients et de d\u00e9passer leurs attentes ainsi que celles de nos parties prenantes.<\/li>\n<\/ul>\n<p>[\/vc_column_text]\t\t<\/div>\n\t<\/div>\n<\/div><\/div>[\/vc_column][\/vc_row][vc_row disable_element=\u00a0\u00bbyes\u00a0\u00bb row_content_width=\u00a0\u00bbgrid\u00a0\u00bb css=\u00a0\u00bb.vc_custom_1594400381109{padding-bottom: 70px !important;}\u00a0\u00bb][vc_column][vc_row_inner][vc_column_inner width=\u00a0\u00bb1\/3&Prime;][vc_single_image image=\u00a0\u00bb9954&Prime; img_size=\u00a0\u00bbfull\u00a0\u00bb alignment=\u00a0\u00bbcenter\u00a0\u00bb onclick=\u00a0\u00bbcustom_link\u00a0\u00bb link=\u00a0\u00bbhttp:\/\/www.schirmen-pharma.com\/product-development\/\u00a0\u00bb][vc_custom_heading text=\u00a0\u00bbProducts\u00a0\u00bb font_container=\u00a0\u00bbtag:h3|text_align:left\u00a0\u00bb use_theme_fonts=\u00a0\u00bbyes\u00a0\u00bb][vc_column_text]At Schirmen Pharmaceuticals GmbH we are committed to manufacturing high quality, yet affordable\u00a0pharmaceutical products for the world.<\/p>\n<p><a href=\"http:\/\/www.schirmen-pharma.com\/fr\/product-development\/\">Read More<\/a>[\/vc_column_text][\/vc_column_inner][vc_column_inner width=\u00a0\u00bb1\/3&Prime;][vc_single_image image=\u00a0\u00bb9815&Prime; img_size=\u00a0\u00bbfull\u00a0\u00bb alignment=\u00a0\u00bbcenter\u00a0\u00bb onclick=\u00a0\u00bbcustom_link\u00a0\u00bb link=\u00a0\u00bbhttp:\/\/www.schirmen-pharma.com\/services\/\u00a0\u00bb][vc_custom_heading text=\u00a0\u00bbRegulatory Services\u00a0\u00bb font_container=\u00a0\u00bbtag:h3|text_align:left\u00a0\u00bb use_theme_fonts=\u00a0\u00bbyes\u00a0\u00bb][vc_column_text]We emphasize on meeting the regulatory compliance of the market and adhere to the good business practices of the countries we operate in.<\/p>\n<p><a href=\"http:\/\/www.schirmen-pharma.com\/fr\/services\/\">Read More<\/a>[\/vc_column_text][\/vc_column_inner][vc_column_inner width=\u00a0\u00bb1\/3&Prime;][vc_single_image image=\u00a0\u00bb9767&Prime; img_size=\u00a0\u00bbfull\u00a0\u00bb alignment=\u00a0\u00bbcenter\u00a0\u00bb onclick=\u00a0\u00bbcustom_link\u00a0\u00bb link=\u00a0\u00bbhttp:\/\/www.schirmen-pharma.com\/services\/\u00a0\u00bb][vc_custom_heading text=\u00a0\u00bbQuality Management\u00a0\u00bb font_container=\u00a0\u00bbtag:h3|text_align:left\u00a0\u00bb use_theme_fonts=\u00a0\u00bbyes\u00a0\u00bb][vc_column_text]The broader definition of Quality management system includes all aspects of quality relating to facilities, products, and services.<\/p>\n<p><a href=\"http:\/\/www.schirmen-pharma.com\/fr\/services\/\">Read More<\/a>[\/vc_column_text][\/vc_column_inner][\/vc_row_inner][\/vc_column][\/vc_row]<\/p>\n<\/div>","protected":false},"excerpt":{"rendered":"<p>[vc_row row_content_width=\u00a0\u00bbgrid\u00a0\u00bb css=\u00a0\u00bb.vc_custom_1592127496205{padding-top: 70px !important;padding-bottom: 70px !important;}\u00a0\u00bb][vc_column][vc_column_text]Schirmen Pharmaceuticals GmbH bas\u00e9e \u00een Allemagne une entreprise de fabrication et de commercialisation de produits pharmaceutiques et de soins de sant\u00e9 g\u00e9r\u00e9e par des professionnels. Nous dirigeons un groupe d&rsquo;importateurs, d&rsquo;exportateurs et de distributeurs [&hellip;]<\/p>\n","protected":false},"author":1,"featured_media":0,"parent":0,"menu_order":0,"comment_status":"closed","ping_status":"closed","template":"full-width.php","meta":{"footnotes":""},"class_list":["post-10203","page","type-page","status-publish","hentry"],"yoast_head":"<!-- This site is optimized with the Yoast SEO plugin v26.9 - https:\/\/yoast.com\/product\/yoast-seo-wordpress\/ -->\n<title>Produits et services - Schirmen Pharmaceuticals GmbH<\/title>\n<meta name=\"robots\" content=\"index, follow, max-snippet:-1, max-image-preview:large, max-video-preview:-1\" \/>\n<link rel=\"canonical\" href=\"https:\/\/www.schirmen-pharma.com\/fr\/products-services\/\" \/>\n<meta property=\"og:locale\" content=\"fr_FR\" \/>\n<meta property=\"og:type\" content=\"article\" \/>\n<meta property=\"og:title\" content=\"Produits et services - Schirmen Pharmaceuticals GmbH\" \/>\n<meta property=\"og:description\" content=\"[vc_row row_content_width=\u00a0\u00bbgrid\u00a0\u00bb css=\u00a0\u00bb.vc_custom_1592127496205{padding-top: 70px !important;padding-bottom: 70px !important;}\u00a0\u00bb][vc_column][vc_column_text]Schirmen Pharmaceuticals GmbH bas\u00e9e \u00een Allemagne une entreprise de fabrication et de commercialisation de produits pharmaceutiques et de soins de sant\u00e9 g\u00e9r\u00e9e par des professionnels. Nous dirigeons un groupe d&rsquo;importateurs, d&rsquo;exportateurs et de distributeurs [&hellip;]\" \/>\n<meta property=\"og:url\" content=\"https:\/\/www.schirmen-pharma.com\/fr\/products-services\/\" \/>\n<meta property=\"og:site_name\" content=\"Schirmen Pharmaceuticals GmbH\" \/>\n<meta property=\"article:modified_time\" content=\"2021-01-13T08:37:36+00:00\" \/>\n<meta name=\"twitter:card\" content=\"summary_large_image\" \/>\n<meta name=\"twitter:label1\" content=\"Dur\u00e9e de lecture estim\u00e9e\" \/>\n\t<meta name=\"twitter:data1\" content=\"6 minutes\" \/>\n<script type=\"application\/ld+json\" class=\"yoast-schema-graph\">{\"@context\":\"https:\/\/schema.org\",\"@graph\":[{\"@type\":\"WebPage\",\"@id\":\"https:\/\/www.schirmen-pharma.com\/fr\/products-services\/\",\"url\":\"https:\/\/www.schirmen-pharma.com\/fr\/products-services\/\",\"name\":\"Produits et services - Schirmen Pharmaceuticals GmbH\",\"isPartOf\":{\"@id\":\"https:\/\/www.schirmen-pharma.com\/#website\"},\"datePublished\":\"2020-07-10T17:06:00+00:00\",\"dateModified\":\"2021-01-13T08:37:36+00:00\",\"breadcrumb\":{\"@id\":\"https:\/\/www.schirmen-pharma.com\/fr\/products-services\/#breadcrumb\"},\"inLanguage\":\"fr-FR\",\"potentialAction\":[{\"@type\":\"ReadAction\",\"target\":[\"https:\/\/www.schirmen-pharma.com\/fr\/products-services\/\"]}]},{\"@type\":\"BreadcrumbList\",\"@id\":\"https:\/\/www.schirmen-pharma.com\/fr\/products-services\/#breadcrumb\",\"itemListElement\":[{\"@type\":\"ListItem\",\"position\":1,\"name\":\"Home\",\"item\":\"https:\/\/www.schirmen-pharma.com\/fr\/\"},{\"@type\":\"ListItem\",\"position\":2,\"name\":\"Produits et services\"}]},{\"@type\":\"WebSite\",\"@id\":\"https:\/\/www.schirmen-pharma.com\/#website\",\"url\":\"https:\/\/www.schirmen-pharma.com\/\",\"name\":\"Schirmen Pharmaceuticals GmbH\",\"description\":\"Quality Medicine, Trusted Care.\",\"potentialAction\":[{\"@type\":\"SearchAction\",\"target\":{\"@type\":\"EntryPoint\",\"urlTemplate\":\"https:\/\/www.schirmen-pharma.com\/?s={search_term_string}\"},\"query-input\":{\"@type\":\"PropertyValueSpecification\",\"valueRequired\":true,\"valueName\":\"search_term_string\"}}],\"inLanguage\":\"fr-FR\"}]}<\/script>\n<!-- \/ Yoast SEO plugin. -->","yoast_head_json":{"title":"Produits et services - Schirmen Pharmaceuticals GmbH","robots":{"index":"index","follow":"follow","max-snippet":"max-snippet:-1","max-image-preview":"max-image-preview:large","max-video-preview":"max-video-preview:-1"},"canonical":"https:\/\/www.schirmen-pharma.com\/fr\/products-services\/","og_locale":"fr_FR","og_type":"article","og_title":"Produits et services - Schirmen Pharmaceuticals GmbH","og_description":"[vc_row row_content_width=\u00a0\u00bbgrid\u00a0\u00bb css=\u00a0\u00bb.vc_custom_1592127496205{padding-top: 70px !important;padding-bottom: 70px !important;}\u00a0\u00bb][vc_column][vc_column_text]Schirmen Pharmaceuticals GmbH bas\u00e9e \u00een Allemagne une entreprise de fabrication et de commercialisation de produits pharmaceutiques et de soins de sant\u00e9 g\u00e9r\u00e9e par des professionnels. Nous dirigeons un groupe d&rsquo;importateurs, d&rsquo;exportateurs et de distributeurs [&hellip;]","og_url":"https:\/\/www.schirmen-pharma.com\/fr\/products-services\/","og_site_name":"Schirmen Pharmaceuticals GmbH","article_modified_time":"2021-01-13T08:37:36+00:00","twitter_card":"summary_large_image","twitter_misc":{"Dur\u00e9e de lecture estim\u00e9e":"6 minutes"},"schema":{"@context":"https:\/\/schema.org","@graph":[{"@type":"WebPage","@id":"https:\/\/www.schirmen-pharma.com\/fr\/products-services\/","url":"https:\/\/www.schirmen-pharma.com\/fr\/products-services\/","name":"Produits et services - Schirmen Pharmaceuticals GmbH","isPartOf":{"@id":"https:\/\/www.schirmen-pharma.com\/#website"},"datePublished":"2020-07-10T17:06:00+00:00","dateModified":"2021-01-13T08:37:36+00:00","breadcrumb":{"@id":"https:\/\/www.schirmen-pharma.com\/fr\/products-services\/#breadcrumb"},"inLanguage":"fr-FR","potentialAction":[{"@type":"ReadAction","target":["https:\/\/www.schirmen-pharma.com\/fr\/products-services\/"]}]},{"@type":"BreadcrumbList","@id":"https:\/\/www.schirmen-pharma.com\/fr\/products-services\/#breadcrumb","itemListElement":[{"@type":"ListItem","position":1,"name":"Home","item":"https:\/\/www.schirmen-pharma.com\/fr\/"},{"@type":"ListItem","position":2,"name":"Produits et services"}]},{"@type":"WebSite","@id":"https:\/\/www.schirmen-pharma.com\/#website","url":"https:\/\/www.schirmen-pharma.com\/","name":"Schirmen Pharmaceuticals GmbH","description":"Quality Medicine, Trusted Care.","potentialAction":[{"@type":"SearchAction","target":{"@type":"EntryPoint","urlTemplate":"https:\/\/www.schirmen-pharma.com\/?s={search_term_string}"},"query-input":{"@type":"PropertyValueSpecification","valueRequired":true,"valueName":"search_term_string"}}],"inLanguage":"fr-FR"}]}},"_links":{"self":[{"href":"https:\/\/www.schirmen-pharma.com\/fr\/wp-json\/wp\/v2\/pages\/10203","targetHints":{"allow":["GET"]}}],"collection":[{"href":"https:\/\/www.schirmen-pharma.com\/fr\/wp-json\/wp\/v2\/pages"}],"about":[{"href":"https:\/\/www.schirmen-pharma.com\/fr\/wp-json\/wp\/v2\/types\/page"}],"author":[{"embeddable":true,"href":"https:\/\/www.schirmen-pharma.com\/fr\/wp-json\/wp\/v2\/users\/1"}],"replies":[{"embeddable":true,"href":"https:\/\/www.schirmen-pharma.com\/fr\/wp-json\/wp\/v2\/comments?post=10203"}],"version-history":[{"count":12,"href":"https:\/\/www.schirmen-pharma.com\/fr\/wp-json\/wp\/v2\/pages\/10203\/revisions"}],"predecessor-version":[{"id":10485,"href":"https:\/\/www.schirmen-pharma.com\/fr\/wp-json\/wp\/v2\/pages\/10203\/revisions\/10485"}],"wp:attachment":[{"href":"https:\/\/www.schirmen-pharma.com\/fr\/wp-json\/wp\/v2\/media?parent=10203"}],"curies":[{"name":"wp","href":"https:\/\/api.w.org\/{rel}","templated":true}]}}