{"id":10049,"date":"2017-04-21T12:34:06","date_gmt":"2017-04-21T12:34:06","guid":{"rendered":"http:\/\/www.schirmen-pharma.com\/partner\/"},"modified":"2020-08-19T14:35:24","modified_gmt":"2020-08-19T14:35:24","slug":"partner","status":"publish","type":"page","link":"https:\/\/www.schirmen-pharma.com\/fr\/partner\/","title":{"rendered":"Partenaires"},"content":{"rendered":"<div class=\"wpb-content-wrapper\"><p>[vc_row row_content_width=\u00a0\u00bbgrid\u00a0\u00bb content_text_aligment=\u00a0\u00bbleft\u00a0\u00bb css=\u00a0\u00bb.vc_custom_1589477693101{padding-top: 35px !important;padding-bottom: 35px !important;}\u00a0\u00bb el_class=\u00a0\u00bbthree-top-icon\u00a0\u00bb simple_background_color=\u00a0\u00bb#453487&Prime;][vc_column offset=\u00a0\u00bbvc_col-md-4 vc_col-xs-12&Prime;]<div class=\"mkdf-elements-holder mkdf-one-column mkdf-responsive-mode-768\" ><div class=\"mkdf-eh-item \"  data-item-class=\"mkdf-eh-custom-698732\" data-1280-1600=\"0px 7px 0px 0px\" data-1024-1280=\"0px 7px 0px 0px\" data-768-1024=\"0px 7px 0px 0px\" data-600-768=\"0px 0px 13px 70px\" data-480-600=\"0px 0px 20px 4px\" data-480=\"0px 0px 20px 4px\">\n\t<div class=\"mkdf-eh-item-inner\">\n\t\t<div class=\"mkdf-eh-item-content mkdf-eh-custom-698732\" style=\"padding: 0px 5% 0px 0px\">\n\t\t\t<div class=\"mkdf-iwt clearfix mkdf-iwt-icon-left-from-title mkdf-iwt-icon-medium\">\n\t<div class=\"mkdf-iwt-content\" >\n\t\t\t\t\t<h4 class=\"mkdf-iwt-title\" style=\"color: #ffffff;font-size: 14px;font-weight: 400;line-height: 26px\">\n\t\t\t\t\t\t\t\t\t<a itemprop=\"url\" href=\"#\" target=\"_self\">\n\t\t\t\t\t\t\t\t\t<span class=\"mkdf-iwt-icon\" style=\"padding:0 5% 0 0\">\n\t\t\t\t\t\t                            <img decoding=\"async\" src=\"https:\/\/www.schirmen-pharma.com\/wp-content\/uploads\/2020\/05\/thinking-differently.png\" alt=\"Custom icon\" style=\"width:59px;height:48px;\"\/>\n\t\t\t\t\t\t\t\t\t\t\t<\/span>\n\t\t\t\t\t<span class=\"mkdf-iwt-title-text\">En pensant diff\u00e9remment, nous r\u00e9solvons des d\u00e9fis complexes avec des solutions innovantes<\/span>\n\t\t\t\t\t\t\t\t\t<\/a>\n\t\t\t\t\t\t\t<\/h4>\n\t\t\t\t\t<\/div>\n<\/div>\t\t<\/div>\n\t<\/div>\n<\/div><\/div>[\/vc_column][vc_column css=\u00a0\u00bb.vc_custom_1493295882034{margin-top: 0px !important;margin-bottom: 0px !important;border-right-width: 1px !important;border-left-width: 1px !important;padding-top: 0px !important;padding-bottom: 0px !important;border-left-color: #e2e2e2 !important;border-left-style: solid !important;border-right-color: #e2e2e2 !important;border-right-style: solid !important;}\u00a0\u00bb offset=\u00a0\u00bbvc_col-md-4 vc_col-xs-12&Prime;]<div class=\"mkdf-elements-holder mkdf-one-column mkdf-responsive-mode-768\" ><div class=\"mkdf-eh-item \"  data-item-class=\"mkdf-eh-custom-171662\" data-1280-1600=\"0px 40px 0px 38px\" data-1024-1280=\"0px 40px 0px 38px\" data-768-1024=\"0px 11px 0px 15px\" data-600-768=\"0px 0px 13px 67px\" data-480-600=\"0px 0px 20px\" data-480=\"0px 0px 20px\">\n\t<div class=\"mkdf-eh-item-inner\">\n\t\t<div class=\"mkdf-eh-item-content mkdf-eh-custom-171662\" style=\"padding: 0px 40px 0px 38px\">\n\t\t\t<div class=\"mkdf-iwt clearfix mkdf-iwt-icon-left-from-title mkdf-iwt-icon-medium\">\n\t<div class=\"mkdf-iwt-content\" >\n\t\t\t\t\t<h4 class=\"mkdf-iwt-title\" style=\"color: #ffffff;font-size: 14px;font-weight: 400;line-height: 26px\">\n\t\t\t\t\t\t\t\t\t<a itemprop=\"url\" href=\"#\" target=\"_self\">\n\t\t\t\t\t\t\t\t\t<span class=\"mkdf-iwt-icon\" style=\"padding:0 7px 0 0\">\n\t\t\t\t\t\t                            <img decoding=\"async\" src=\"https:\/\/www.schirmen-pharma.com\/wp-content\/uploads\/2020\/05\/knowledge-driven.png\" alt=\"Custom icon\" style=\"width:59px;height:48px;\"\/>\n\t\t\t\t\t\t\t\t\t\t\t<\/span>\n\t\t\t\t\t<span class=\"mkdf-iwt-title-text\">Nous sommes orient\u00e9&#039;\u0161 veisla science, ouverts aux id\u00e9es et passionn\u00e9s pour exceller<\/span>\n\t\t\t\t\t\t\t\t\t<\/a>\n\t\t\t\t\t\t\t<\/h4>\n\t\t\t\t\t<\/div>\n<\/div>\t\t<\/div>\n\t<\/div>\n<\/div><\/div>[\/vc_column][vc_column offset=\u00a0\u00bbvc_col-md-4 vc_col-xs-12&Prime;]<div class=\"mkdf-elements-holder mkdf-one-column mkdf-responsive-mode-768\" ><div class=\"mkdf-eh-item \"  data-item-class=\"mkdf-eh-custom-851803\" data-1280-1600=\"0px 0px 0px 43px\" data-1024-1280=\"0px 0px 0px 43px\" data-768-1024=\"0px 0px 0px 15px\" data-600-768=\"0px 0px 13px 70px\" data-480-600=\"0px 0px 20px 4px\" data-480=\"0px 0px 20px 4px\">\n\t<div class=\"mkdf-eh-item-inner\">\n\t\t<div class=\"mkdf-eh-item-content mkdf-eh-custom-851803\" style=\"padding: 0px 0px 0px 43px\">\n\t\t\t<div class=\"mkdf-iwt clearfix mkdf-iwt-icon-left-from-title mkdf-iwt-icon-medium\">\n\t<div class=\"mkdf-iwt-content\" >\n\t\t\t\t\t<h4 class=\"mkdf-iwt-title\" style=\"color: #ffffff;font-size: 14px;font-weight: 400;line-height: 26px\">\n\t\t\t\t\t\t\t\t\t<a itemprop=\"url\" href=\"#\" target=\"_self\">\n\t\t\t\t\t\t\t\t\t<span class=\"mkdf-iwt-icon\" style=\"padding:0 9px 0 0\">\n\t\t\t\t\t\t                            <img decoding=\"async\" src=\"https:\/\/www.schirmen-pharma.com\/wp-content\/uploads\/2020\/05\/Target-01.png\" alt=\"Custom icon\" style=\"width:59px;height:48px;\"\/>\n\t\t\t\t\t\t\t\t\t\t\t<\/span>\n\t\t\t\t\t<span class=\"mkdf-iwt-title-text\">Nous sommes inclusifs et travaillons ensemble vers nos objectifs communs<\/span>\n\t\t\t\t\t\t\t\t\t<\/a>\n\t\t\t\t\t\t\t<\/h4>\n\t\t\t\t\t<\/div>\n<\/div>\t\t<\/div>\n\t<\/div>\n<\/div><\/div>[\/vc_column][\/vc_row][vc_row row_content_width=\u00a0\u00bbgrid\u00a0\u00bb content_text_aligment=\u00a0\u00bbcenter\u00a0\u00bb css=\u00a0\u00bb.vc_custom_1589830253312{padding-top: 70px !important;padding-bottom: 70px !important;}\u00a0\u00bb][vc_column][vc_column_text]<\/p>\n<h3><strong>Schirmen Pharmaceuticals GmbH est votre partenaire de confiance S\u2019appuyant sur les piliers tels la flexibilit\u00e9, l\u2019agilit\u00e9, l\u2019innovation et la fiabilit\u00e9 qui d\u00e9finissent l\u2019excellence.<\/strong><\/h3>\n<p>[\/vc_column_text][\/vc_column][\/vc_row][vc_row row_content_width=\u00a0\u00bbgrid\u00a0\u00bb css=\u00a0\u00bb.vc_custom_1590820591572{padding-bottom: 70px !important;}\u00a0\u00bb][vc_column width=\u00a0\u00bb1\/2&Prime;][vc_row_inner][vc_column_inner]<div class=\"mkdf-iwt clearfix mkdf-iwt-icon-left mkdf-iwt-icon-medium\">\n\t<div class=\"mkdf-iwt-icon\" >\n\t\t\t\t\t                <img decoding=\"async\" src=\"https:\/\/www.schirmen-pharma.com\/wp-content\/uploads\/2020\/05\/Manufacturing-icon-01.png\" alt=\"Custom icon\" style=\"width:50px;height:68px;\"\/>\n\t\t\t\t\t\t<\/div>\n\t<div class=\"mkdf-iwt-content\" >\n\t\t\t\t\t\t\t<h5 class=\"mkdf-iwt-title\" >\n\t\t\t\t\t\t\t\t<span class=\"mkdf-iwt-title-text\">Fabrication<\/span>\n\t\t\t\t\t\t\t<\/h5>\n\t\t\t\t\t\t\t<p class=\"mkdf-iwt-text\" >Schirmen Pharmaceuticals GmbH poss\u00e8de un r\u00e9seau bien \u00e9tabli de fabricants de produits pharmaceutiques r\u00e9put\u00e9s \u00e0 travers le monde. Notre accent sur l&#039;excellence se d\u00e9finit par le choix de nos partenaires et l\u2019effort permanent de collaboration les plus fiables et les plus rentables afin de fournir\u00e0 temps des produits de haute qualit\u00e9 selon les normes GMP les plus strictes. Cela nous a aid\u00e9s \u00e0 \u00e9largir nos horizons et nous a permis d&#039;\u00eatre un exportateur \u00e9mergeant de produits pharmaceutiques de qualit\u00e9 en Allemagne. Gr\u00e2ce \u00e0 la capacit\u00e9 de nos laboratoires de recherche associ\u00e9s et gr\u00e2ce \u00e0 nos bonnes connaissances du march\u00e9, nous sommes en mesure de r\u00e9pondre aux demandes de m\u00e9dicaments, de suppl\u00e9ments nutritionnels et d&#039;autres produits pharmaceutiques de haute qualit\u00e9 dans les pays en d\u00e9veloppement. Si vous souhaitez vous associer \u00e0 nous pour mettre sur le march\u00e9 des produits de haute qualit\u00e9 \u00e0 des prix comp\u00e9titifs vous pouvez toujours nous contacter sur: business@schirmen-pharma.com<\/p>\n\t\t\t<\/div>\n<\/div>[\/vc_column_inner][\/vc_row_inner][\/vc_column][vc_column width=\u00a0\u00bb1\/2&Prime; css=\u00a0\u00bb.vc_custom_1589830439036{padding-bottom: -80px !important;}\u00a0\u00bb][vc_single_image image=\u00a0\u00bb9912&Prime; img_size=\u00a0\u00bbfull\u00a0\u00bb alignment=\u00a0\u00bbcenter\u00a0\u00bb][\/vc_column][\/vc_row][vc_row row_content_width=\u00a0\u00bbgrid\u00a0\u00bb css=\u00a0\u00bb.vc_custom_1590820591572{padding-bottom: 70px !important;}\u00a0\u00bb][vc_column width=\u00a0\u00bb1\/2&Prime;][vc_single_image image=\u00a0\u00bb10344&Prime; img_size=\u00a0\u00bbfull\u00a0\u00bb alignment=\u00a0\u00bbcenter\u00a0\u00bb][\/vc_column][vc_column width=\u00a0\u00bb1\/2&Prime; css=\u00a0\u00bb.vc_custom_1589830439036{padding-bottom: -80px !important;}\u00a0\u00bb][vc_row_inner][vc_column_inner]<div class=\"mkdf-iwt clearfix mkdf-iwt-icon-left mkdf-iwt-icon-medium\">\n\t<div class=\"mkdf-iwt-icon\" >\n\t\t\t\t\t                <img decoding=\"async\" src=\"https:\/\/www.schirmen-pharma.com\/wp-content\/uploads\/2020\/05\/Marketing-icon-01.png\" alt=\"Custom icon\" style=\"width:50px;height:68px;\"\/>\n\t\t\t\t\t\t<\/div>\n\t<div class=\"mkdf-iwt-content\" >\n\t\t\t\t\t\t\t<h5 class=\"mkdf-iwt-title\" >\n\t\t\t\t\t\t\t\t<span class=\"mkdf-iwt-title-text\">Marketing<\/span>\n\t\t\t\t\t\t\t<\/h5>\n\t\t\t\t\t\t\t<p class=\"mkdf-iwt-text\" >Le pass\u00e9 des dirigeants de Schirmen Pharmaceuticals en mati\u00e8re de cr\u00e9ation de produits, demarketing et de vente sur les march\u00e9s en d\u00e9veloppement a \u00e9t\u00e9 marqu\u00e9s par une gestion professionnelle sur toute la ligneet fait de Schirmen Pharmaceuticals un partenaire de choix dans le monde entier. Gr\u00e2ce \u00e0 ce solide r\u00e9seau mondial, nous avons pu r\u00e9pondre aux demandes de produits de sant\u00e9 de qualit\u00e9 dans des pays africains comme la C\u00f4te d&#039;Ivoire, le Mali, le S\u00e9n\u00e9gal, la Mauritanie, la Guin\u00e9e, le Cameroun, le Tchad, le Gabon, le Congo-Brazzaville, le B\u00e9nin et le Togo. Notre mod\u00e8le commercial unique nous permet de tenir la concurrence \u00e0 des prix assurant des b\u00e9n\u00e9fices \u00e1 tous nos partenaires. Si vous souhaitez vous associer \u00e0 nous pour une expansion commune, veuillez nous contacter sur: business@schirmen-pharma.com<\/p>\n\t\t\t<\/div>\n<\/div>[\/vc_column_inner][\/vc_row_inner][\/vc_column][\/vc_row][vc_row row_content_width=\u00a0\u00bbgrid\u00a0\u00bb css=\u00a0\u00bb.vc_custom_1589824867150{padding-top: 50px !important;}\u00a0\u00bb simple_background_color=\u00a0\u00bb#fafafa\u00a0\u00bb][vc_column offset=\u00a0\u00bbvc_col-lg-6 vc_col-xs-12&Prime;]<div class=\"mkdf-section-title-holder mkdf-st-standard mkdf-st-title-left mkdf-st-normal-space mkdf-st-disable-title-break\" >\n\t<div class=\"mkdf-st-inner\">\n\t\t\t\t\t<h2 class=\"mkdf-st-title\" >\n\t\t\t\t<span class=\"mkdf-st-title-light\">Pourquoi<\/span> <span class=\"mkdf-st-title-light\">Schirmen<\/span> <span class=\"mkdf-st-title-light\">Pharmaceuticals?<\/span> <span class=\"mkdf-st-title-bold\"><\/span> <span class=\"mkdf-st-title-light\"><\/span><br \/>\t\t\t<\/h2>\n\t\t\t\t\t<\/div>\n<\/div>[vc_column_text]Nous avons mis en place un mod\u00e8le unique, bas\u00e9 sur une relation hautement collaborative qui favorise un partenariat gagnant-gagnant pour Schirmen Pharmaceuticals GmbH et ses partenaires.<\/p>\n<p>Une relation fournisseur-distributeur engag\u00e9e nous distingue de tout autre fabricant, importateurou distributeur mondial \u00e0 grande \u00e9chelle.<\/p>\n<p>Chez <strong>Schirmen Pharmaceuticals GmbH<\/strong>, nous nous engageons \u00e0 construire et \u00e0 d\u00e9velopper notre r\u00e9seau de partenaires \u00e0 travers le monde afin fournir des solutions innovantes sur le march\u00e9.<\/p>\n<p>Nous nous concentrons sur de nouveaux m\u00e9dicaments et solutions th\u00e9rapeutiques qui peuvent nousaider \u00e0 r\u00e9pondre aux exigences d&rsquo;une vie saine pour nos utilisateurs finaux.<\/p>\n<p>Pour tous ceux qui aspirent \u00e0 s\u2019\u00e9tendre hors de leurs fronti\u00e8res, nous nous r\u00e9jouirons de votrepartenariat et de vos suggestions. Veuillez nous contacter, Schirmen Pharmaceuticals GmbH \u00e0: <a href=\"mailto:business@schirmen-pharma.com\">business@schirmen-pharma.com<\/a>[\/vc_column_text][vc_empty_space height=\u00a0\u00bb50px\u00a0\u00bb][\/vc_column][vc_column offset=\u00a0\u00bbvc_col-lg-6 vc_col-xs-12&Prime;][vc_single_image image=\u00a0\u00bb10424&Prime; img_size=\u00a0\u00bbfull\u00a0\u00bb alignment=\u00a0\u00bbcenter\u00a0\u00bb][\/vc_column][\/vc_row]<\/p>\n<\/div>","protected":false},"excerpt":{"rendered":"<p>[vc_row row_content_width=\u00a0\u00bbgrid\u00a0\u00bb content_text_aligment=\u00a0\u00bbleft\u00a0\u00bb css=\u00a0\u00bb.vc_custom_1589477693101{padding-top: 35px !important;padding-bottom: 35px !important;}\u00a0\u00bb el_class=\u00a0\u00bbthree-top-icon\u00a0\u00bb simple_background_color=\u00a0\u00bb#453487&Prime;][vc_column offset=\u00a0\u00bbvc_col-md-4 vc_col-xs-12&Prime;][\/vc_column][vc_column css=\u00a0\u00bb.vc_custom_1493295882034{margin-top: 0px !important;margin-bottom: 0px !important;border-right-width: 1px !important;border-left-width: 1px !important;padding-top: 0px !important;padding-bottom: 0px !important;border-left-color: #e2e2e2 !important;border-left-style: solid !important;border-right-color: #e2e2e2 !important;border-right-style: solid !important;}\u00a0\u00bb offset=\u00a0\u00bbvc_col-md-4 vc_col-xs-12&Prime;][\/vc_column][vc_column offset=\u00a0\u00bbvc_col-md-4 vc_col-xs-12&Prime;][\/vc_column][\/vc_row][vc_row row_content_width=\u00a0\u00bbgrid\u00a0\u00bb content_text_aligment=\u00a0\u00bbcenter\u00a0\u00bb css=\u00a0\u00bb.vc_custom_1589830253312{padding-top: [&hellip;]<\/p>\n","protected":false},"author":1,"featured_media":0,"parent":0,"menu_order":0,"comment_status":"closed","ping_status":"closed","template":"full-width.php","meta":{"footnotes":""},"class_list":["post-10049","page","type-page","status-publish","hentry"],"yoast_head":"<!-- This site is optimized with the Yoast SEO plugin v26.9 - https:\/\/yoast.com\/product\/yoast-seo-wordpress\/ -->\n<title>Partenaires - Schirmen Pharmaceuticals GmbH<\/title>\n<meta name=\"robots\" content=\"index, follow, max-snippet:-1, max-image-preview:large, max-video-preview:-1\" \/>\n<link rel=\"canonical\" href=\"https:\/\/www.schirmen-pharma.com\/fr\/partner\/\" \/>\n<meta property=\"og:locale\" content=\"fr_FR\" \/>\n<meta property=\"og:type\" content=\"article\" \/>\n<meta property=\"og:title\" content=\"Partenaires - Schirmen Pharmaceuticals GmbH\" \/>\n<meta property=\"og:description\" content=\"[vc_row row_content_width=\u00a0\u00bbgrid\u00a0\u00bb content_text_aligment=\u00a0\u00bbleft\u00a0\u00bb css=\u00a0\u00bb.vc_custom_1589477693101{padding-top: 35px !important;padding-bottom: 35px !important;}\u00a0\u00bb el_class=\u00a0\u00bbthree-top-icon\u00a0\u00bb simple_background_color=\u00a0\u00bb#453487&Prime;][vc_column offset=\u00a0\u00bbvc_col-md-4 vc_col-xs-12&Prime;][\/vc_column][vc_column css=\u00a0\u00bb.vc_custom_1493295882034{margin-top: 0px !important;margin-bottom: 0px !important;border-right-width: 1px !important;border-left-width: 1px !important;padding-top: 0px !important;padding-bottom: 0px !important;border-left-color: #e2e2e2 !important;border-left-style: solid !important;border-right-color: #e2e2e2 !important;border-right-style: solid !important;}\u00a0\u00bb offset=\u00a0\u00bbvc_col-md-4 vc_col-xs-12&Prime;][\/vc_column][vc_column offset=\u00a0\u00bbvc_col-md-4 vc_col-xs-12&Prime;][\/vc_column][\/vc_row][vc_row row_content_width=\u00a0\u00bbgrid\u00a0\u00bb content_text_aligment=\u00a0\u00bbcenter\u00a0\u00bb css=\u00a0\u00bb.vc_custom_1589830253312{padding-top: [&hellip;]\" \/>\n<meta property=\"og:url\" content=\"https:\/\/www.schirmen-pharma.com\/fr\/partner\/\" \/>\n<meta property=\"og:site_name\" content=\"Schirmen Pharmaceuticals GmbH\" \/>\n<meta property=\"article:modified_time\" content=\"2020-08-19T14:35:24+00:00\" \/>\n<meta name=\"twitter:card\" content=\"summary_large_image\" \/>\n<meta name=\"twitter:label1\" content=\"Dur\u00e9e de lecture estim\u00e9e\" \/>\n\t<meta name=\"twitter:data1\" content=\"6 minutes\" \/>\n<script type=\"application\/ld+json\" class=\"yoast-schema-graph\">{\"@context\":\"https:\/\/schema.org\",\"@graph\":[{\"@type\":\"WebPage\",\"@id\":\"https:\/\/www.schirmen-pharma.com\/fr\/partner\/\",\"url\":\"https:\/\/www.schirmen-pharma.com\/fr\/partner\/\",\"name\":\"Partenaires - Schirmen Pharmaceuticals GmbH\",\"isPartOf\":{\"@id\":\"https:\/\/www.schirmen-pharma.com\/#website\"},\"datePublished\":\"2017-04-21T12:34:06+00:00\",\"dateModified\":\"2020-08-19T14:35:24+00:00\",\"breadcrumb\":{\"@id\":\"https:\/\/www.schirmen-pharma.com\/fr\/partner\/#breadcrumb\"},\"inLanguage\":\"fr-FR\",\"potentialAction\":[{\"@type\":\"ReadAction\",\"target\":[\"https:\/\/www.schirmen-pharma.com\/fr\/partner\/\"]}]},{\"@type\":\"BreadcrumbList\",\"@id\":\"https:\/\/www.schirmen-pharma.com\/fr\/partner\/#breadcrumb\",\"itemListElement\":[{\"@type\":\"ListItem\",\"position\":1,\"name\":\"Home\",\"item\":\"https:\/\/www.schirmen-pharma.com\/fr\/\"},{\"@type\":\"ListItem\",\"position\":2,\"name\":\"Partenaires\"}]},{\"@type\":\"WebSite\",\"@id\":\"https:\/\/www.schirmen-pharma.com\/#website\",\"url\":\"https:\/\/www.schirmen-pharma.com\/\",\"name\":\"Schirmen Pharmaceuticals GmbH\",\"description\":\"Quality Medicine, Trusted Care.\",\"potentialAction\":[{\"@type\":\"SearchAction\",\"target\":{\"@type\":\"EntryPoint\",\"urlTemplate\":\"https:\/\/www.schirmen-pharma.com\/?s={search_term_string}\"},\"query-input\":{\"@type\":\"PropertyValueSpecification\",\"valueRequired\":true,\"valueName\":\"search_term_string\"}}],\"inLanguage\":\"fr-FR\"}]}<\/script>\n<!-- \/ Yoast SEO plugin. -->","yoast_head_json":{"title":"Partenaires - Schirmen Pharmaceuticals GmbH","robots":{"index":"index","follow":"follow","max-snippet":"max-snippet:-1","max-image-preview":"max-image-preview:large","max-video-preview":"max-video-preview:-1"},"canonical":"https:\/\/www.schirmen-pharma.com\/fr\/partner\/","og_locale":"fr_FR","og_type":"article","og_title":"Partenaires - Schirmen Pharmaceuticals GmbH","og_description":"[vc_row row_content_width=\u00a0\u00bbgrid\u00a0\u00bb content_text_aligment=\u00a0\u00bbleft\u00a0\u00bb css=\u00a0\u00bb.vc_custom_1589477693101{padding-top: 35px !important;padding-bottom: 35px !important;}\u00a0\u00bb el_class=\u00a0\u00bbthree-top-icon\u00a0\u00bb simple_background_color=\u00a0\u00bb#453487&Prime;][vc_column offset=\u00a0\u00bbvc_col-md-4 vc_col-xs-12&Prime;][\/vc_column][vc_column css=\u00a0\u00bb.vc_custom_1493295882034{margin-top: 0px !important;margin-bottom: 0px !important;border-right-width: 1px !important;border-left-width: 1px !important;padding-top: 0px !important;padding-bottom: 0px !important;border-left-color: #e2e2e2 !important;border-left-style: solid !important;border-right-color: #e2e2e2 !important;border-right-style: solid !important;}\u00a0\u00bb offset=\u00a0\u00bbvc_col-md-4 vc_col-xs-12&Prime;][\/vc_column][vc_column offset=\u00a0\u00bbvc_col-md-4 vc_col-xs-12&Prime;][\/vc_column][\/vc_row][vc_row row_content_width=\u00a0\u00bbgrid\u00a0\u00bb content_text_aligment=\u00a0\u00bbcenter\u00a0\u00bb css=\u00a0\u00bb.vc_custom_1589830253312{padding-top: [&hellip;]","og_url":"https:\/\/www.schirmen-pharma.com\/fr\/partner\/","og_site_name":"Schirmen Pharmaceuticals GmbH","article_modified_time":"2020-08-19T14:35:24+00:00","twitter_card":"summary_large_image","twitter_misc":{"Dur\u00e9e de lecture estim\u00e9e":"6 minutes"},"schema":{"@context":"https:\/\/schema.org","@graph":[{"@type":"WebPage","@id":"https:\/\/www.schirmen-pharma.com\/fr\/partner\/","url":"https:\/\/www.schirmen-pharma.com\/fr\/partner\/","name":"Partenaires - Schirmen Pharmaceuticals GmbH","isPartOf":{"@id":"https:\/\/www.schirmen-pharma.com\/#website"},"datePublished":"2017-04-21T12:34:06+00:00","dateModified":"2020-08-19T14:35:24+00:00","breadcrumb":{"@id":"https:\/\/www.schirmen-pharma.com\/fr\/partner\/#breadcrumb"},"inLanguage":"fr-FR","potentialAction":[{"@type":"ReadAction","target":["https:\/\/www.schirmen-pharma.com\/fr\/partner\/"]}]},{"@type":"BreadcrumbList","@id":"https:\/\/www.schirmen-pharma.com\/fr\/partner\/#breadcrumb","itemListElement":[{"@type":"ListItem","position":1,"name":"Home","item":"https:\/\/www.schirmen-pharma.com\/fr\/"},{"@type":"ListItem","position":2,"name":"Partenaires"}]},{"@type":"WebSite","@id":"https:\/\/www.schirmen-pharma.com\/#website","url":"https:\/\/www.schirmen-pharma.com\/","name":"Schirmen Pharmaceuticals GmbH","description":"Quality Medicine, Trusted Care.","potentialAction":[{"@type":"SearchAction","target":{"@type":"EntryPoint","urlTemplate":"https:\/\/www.schirmen-pharma.com\/?s={search_term_string}"},"query-input":{"@type":"PropertyValueSpecification","valueRequired":true,"valueName":"search_term_string"}}],"inLanguage":"fr-FR"}]}},"_links":{"self":[{"href":"https:\/\/www.schirmen-pharma.com\/fr\/wp-json\/wp\/v2\/pages\/10049","targetHints":{"allow":["GET"]}}],"collection":[{"href":"https:\/\/www.schirmen-pharma.com\/fr\/wp-json\/wp\/v2\/pages"}],"about":[{"href":"https:\/\/www.schirmen-pharma.com\/fr\/wp-json\/wp\/v2\/types\/page"}],"author":[{"embeddable":true,"href":"https:\/\/www.schirmen-pharma.com\/fr\/wp-json\/wp\/v2\/users\/1"}],"replies":[{"embeddable":true,"href":"https:\/\/www.schirmen-pharma.com\/fr\/wp-json\/wp\/v2\/comments?post=10049"}],"version-history":[{"count":14,"href":"https:\/\/www.schirmen-pharma.com\/fr\/wp-json\/wp\/v2\/pages\/10049\/revisions"}],"predecessor-version":[{"id":10461,"href":"https:\/\/www.schirmen-pharma.com\/fr\/wp-json\/wp\/v2\/pages\/10049\/revisions\/10461"}],"wp:attachment":[{"href":"https:\/\/www.schirmen-pharma.com\/fr\/wp-json\/wp\/v2\/media?parent=10049"}],"curies":[{"name":"wp","href":"https:\/\/api.w.org\/{rel}","templated":true}]}}