{"id":10039,"date":"2017-04-20T14:56:27","date_gmt":"2017-04-20T14:56:27","guid":{"rendered":"http:\/\/www.schirmen-pharma.com\/contact-us\/"},"modified":"2022-07-07T08:11:02","modified_gmt":"2022-07-07T06:11:02","slug":"contact-us","status":"publish","type":"page","link":"https:\/\/www.schirmen-pharma.com\/fr\/contact-us\/","title":{"rendered":"Nous Contacter"},"content":{"rendered":"<div class=\"wpb-content-wrapper\"><p>[vc_row row_content_width=\u00a0\u00bbgrid\u00a0\u00bb css=\u00a0\u00bb.vc_custom_1594372093777{padding-top: 80px !important;padding-bottom: 61px !important;}\u00a0\u00bb][vc_column width=\u00a0\u00bb1\/2&Prime;][vc_custom_heading text=\u00a0\u00bbDemandes\u00a0\u00bb font_container=\u00a0\u00bbtag:h3|text_align:left\u00a0\u00bb use_theme_fonts=\u00a0\u00bbyes\u00a0\u00bb][vc_column_text]Vous souhaitez vous associer \u00e0 nous ou avez des questions concernant nos produits ou services? Remplissez le formulaire ci-dessous et nous vous r\u00e9pondrons rapidement.[\/vc_column_text][\/vc_column][vc_column width=\u00a0\u00bb1\/2&Prime;][vc_custom_heading text=\u00a0\u00bbCarri\u00e8re\u00a0\u00bb font_container=\u00a0\u00bbtag:h3|text_align:left\u00a0\u00bb use_theme_fonts=\u00a0\u00bbyes\u00a0\u00bb][vc_column_text]Nous ne cessons de chercher de grands talents. Surtout ceux qui sont passionn\u00e9s par le travail dans divers domaines de l&rsquo;industrie pharmaceutique. Ins\u00e9rez vos coordonn\u00e9es et copie d&rsquo;un CV mis \u00e0 jour ci-dessous.[\/vc_column_text][\/vc_column][\/vc_row][vc_row row_content_width=\u00a0\u00bbgrid\u00a0\u00bb css=\u00a0\u00bb.vc_custom_1594371902600{padding-bottom: 61px !important;}\u00a0\u00bb][vc_column width=\u00a0\u00bb1\/2&Prime; css=\u00a0\u00bb.vc_custom_1589740024575{margin-top: -32px !important;}\u00a0\u00bb][vc_row_inner][vc_column_inner][vc_column_text]<\/p>\n<h4><strong>Schirmen Pharmaceuticals GmbH<\/strong><\/h4>\n<p><strong>Adresse:<\/strong><br \/>\nBreite Stra\u00dfe 11, 01796 Pirna, Allemagne.<\/p>\n<p><strong>T\u00e9l\u00e9phone:<\/strong><br \/>\n+49 3501 4666 727<br \/>\n+49 152 038 114 14<br \/>\n+49 152 157 173 30<\/p>\n<p><strong>Fax:<\/strong><br \/>\n+49 3501 4666 728<\/p>\n<p><strong>Email:<\/strong><br \/>\nLes op\u00e9rations &#8211; <a href=\"mailto:ac.biwole@schirmen-pharma.com\">ac.biwole@schirmen-pharma.com<\/a><br \/>\nCommerciale- <a href=\"mailto:business@schirmen-pharma.com\">business@schirmen-pharma.com<\/a><br \/>\nAdministration &#8211; <a href=\"mailto:info@schirmen-pharma.com\">info@schirmen-pharma.com<\/a>[\/vc_column_text][vc_empty_space][\/vc_column_inner][\/vc_row_inner][\/vc_column][vc_column width=\u00a0\u00bb1\/2&Prime;]\n<div class=\"wpcf7 no-js\" id=\"wpcf7-f9896-o1\" lang=\"en-US\" dir=\"ltr\" data-wpcf7-id=\"9896\">\n<div class=\"screen-reader-response\"><p role=\"status\" aria-live=\"polite\" aria-atomic=\"true\"><\/p> <ul><\/ul><\/div>\n<form action=\"\/fr\/wp-json\/wp\/v2\/pages\/10039#wpcf7-f9896-o1\" method=\"post\" class=\"wpcf7-form init\" aria-label=\"Contact form\" enctype=\"multipart\/form-data\" novalidate=\"novalidate\" data-status=\"init\">\n<div style=\"display: none;\">\n<input type=\"hidden\" name=\"_wpcf7\" value=\"9896\" \/>\n<input type=\"hidden\" name=\"_wpcf7_version\" value=\"6.0.6\" \/>\n<input type=\"hidden\" name=\"_wpcf7_locale\" value=\"en_US\" \/>\n<input type=\"hidden\" name=\"_wpcf7_unit_tag\" value=\"wpcf7-f9896-o1\" \/>\n<input type=\"hidden\" name=\"_wpcf7_container_post\" value=\"0\" \/>\n<input type=\"hidden\" name=\"_wpcf7_posted_data_hash\" value=\"\" \/>\n<\/div>\n<p><span class=\"wpcf7-form-control-wrap\" data-name=\"your-name\"><input size=\"40\" maxlength=\"400\" class=\"wpcf7-form-control wpcf7-text wpcf7-validates-as-required\" aria-required=\"true\" aria-invalid=\"false\" placeholder=\"Name*\" value=\"\" type=\"text\" name=\"your-name\" \/><\/span><br \/>\n<span class=\"wpcf7-form-control-wrap\" data-name=\"your-phone\"><input size=\"40\" maxlength=\"400\" class=\"wpcf7-form-control wpcf7-tel wpcf7-validates-as-required wpcf7-text wpcf7-validates-as-tel\" aria-required=\"true\" aria-invalid=\"false\" placeholder=\"Phone*\" value=\"\" type=\"tel\" name=\"your-phone\" \/><\/span><br \/>\n<span class=\"wpcf7-form-control-wrap\" data-name=\"your-email\"><input size=\"40\" maxlength=\"400\" class=\"wpcf7-form-control wpcf7-email wpcf7-validates-as-required wpcf7-text wpcf7-validates-as-email\" aria-required=\"true\" aria-invalid=\"false\" placeholder=\"E-mail*\" value=\"\" type=\"email\" name=\"your-email\" \/><\/span><br \/>\n<span class=\"wpcf7-form-control-wrap\" data-name=\"your-message\"><textarea cols=\"40\" rows=\"10\" maxlength=\"2000\" class=\"wpcf7-form-control wpcf7-textarea\" aria-invalid=\"false\" placeholder=\"Message\" name=\"your-message\"><\/textarea><\/span><br \/>\n<span class=\"wpcf7-form-control-wrap\" data-name=\"file-677\"><input size=\"40\" class=\"wpcf7-form-control wpcf7-file wpcf7-validates-as-required\" accept=\".docx,.doc,.pdf,.jprg,.png,.jpg\" aria-required=\"true\" aria-invalid=\"false\" type=\"file\" name=\"file-677\" \/><\/span>\n<\/p>\n<div class=\"mkdf-cf7-btn\">\n\t<div class=\"mkdf-cf7-text\">\n\t\t<p><input class=\"wpcf7-form-control wpcf7-submit has-spinner\" type=\"submit\" value=\"Send\" \/>\n\t\t<\/p>\n\t<\/div>\n\t<div class=\"mkdf-cf7-icon-holder\">\n\t\t<p><span class=\"mkdf-cf7-icon-normal\"><input class=\"wpcf7-form-control wpcf7-submit has-spinner\" type=\"submit\" value=\"&#xf125;\" \/><\/span><span class=\"mkdf-cf7-icon-flip\"><input class=\"wpcf7-form-control wpcf7-submit has-spinner\" type=\"submit\" value=\"&#xf125;\" \/><\/span>\n\t\t<\/p>\n\t<\/div>\n<\/div><div class=\"wpcf7-response-output\" aria-hidden=\"true\"><\/div>\n<\/form>\n<\/div>\n[vc_empty_space][\/vc_column][\/vc_row][vc_row][vc_column][vc_gmaps link=\u00a0\u00bb#E-8_JTNDaWZyYW1lJTIwc3JjJTNEJTIyaHR0cHMlM0ElMkYlMkZ3d3cuZ29vZ2xlLmNvbSUyRm1hcHMlMkZlbWJlZCUzRnBiJTNEJTIxMW0xNCUyMTFtOCUyMTFtMyUyMTFkNTAyNC4wNjcxNTEwOTE4NDglMjEyZDEzLjg2MjU4JTIxM2Q1MC45Nzg1NyUyMTNtMiUyMTFpMTAyNCUyMTJpNzY4JTIxNGYxMy4xJTIxM20zJTIxMW0yJTIxMXMweDQ3MDliODg0MjQzMTk1MmIlMjUzQTB4YTc3NTA4ZDI5ZjI4NTc5ZiUyMTJzRnJpdHotV2ViZXItU3RyYSUyNUMzJTI1OUZlJTI1MjA2JTI1MkMlMjUyMDAxODA5JTI1MjBIZWlkZW5hdSUyNTJDJTI1MjBHZXJtYW55JTIxNWUwJTIxM20yJTIxMXNlbiUyMTJzY20lMjE0djE1ODk3Mzk0MTQ2MzMlMjE1bTIlMjExc2VuJTIxMnNjbSUyMiUyMHdpZHRoJTNEJTIyMTAwJTI1JTIyJTIwaGVpZ2h0JTNEJTIyNDUwJTIyJTIwZnJhbWVib3JkZXIlM0QlMjIwJTIyJTIwc3R5bGUlM0QlMjJib3JkZXIlM0EwJTNCJTIyJTIwYWxsb3dmdWxsc2NyZWVuJTNEJTIyJTIyJTIwYXJpYS1oaWRkZW4lM0QlMjJmYWxzZSUyMiUyMHRhYmluZGV4JTNEJTIyMCUyMiUzRSUzQyUyRmlmcmFtZSUzRQ==\u00a0\u00bb][\/vc_column][\/vc_row]<\/p>\n<\/div>","protected":false},"excerpt":{"rendered":"<p>[vc_row row_content_width=\u00a0\u00bbgrid\u00a0\u00bb css=\u00a0\u00bb.vc_custom_1594372093777{padding-top: 80px !important;padding-bottom: 61px !important;}\u00a0\u00bb][vc_column width=\u00a0\u00bb1\/2&Prime;][vc_custom_heading text=\u00a0\u00bbDemandes\u00a0\u00bb font_container=\u00a0\u00bbtag:h3|text_align:left\u00a0\u00bb use_theme_fonts=\u00a0\u00bbyes\u00a0\u00bb][vc_column_text]Vous souhaitez vous associer \u00e0 nous ou avez des questions concernant nos produits ou services? Remplissez le formulaire ci-dessous et nous vous r\u00e9pondrons rapidement.[\/vc_column_text][\/vc_column][vc_column width=\u00a0\u00bb1\/2&Prime;][vc_custom_heading text=\u00a0\u00bbCarri\u00e8re\u00a0\u00bb font_container=\u00a0\u00bbtag:h3|text_align:left\u00a0\u00bb use_theme_fonts=\u00a0\u00bbyes\u00a0\u00bb][vc_column_text]Nous ne cessons [&hellip;]<\/p>\n","protected":false},"author":1,"featured_media":0,"parent":0,"menu_order":0,"comment_status":"closed","ping_status":"closed","template":"full-width.php","meta":{"footnotes":""},"class_list":["post-10039","page","type-page","status-publish","hentry"],"yoast_head":"<!-- This site is optimized with the Yoast SEO plugin v26.9 - https:\/\/yoast.com\/product\/yoast-seo-wordpress\/ -->\n<title>Nous Contacter - Schirmen Pharmaceuticals GmbH<\/title>\n<meta name=\"robots\" content=\"index, follow, max-snippet:-1, max-image-preview:large, max-video-preview:-1\" \/>\n<link rel=\"canonical\" href=\"https:\/\/www.schirmen-pharma.com\/fr\/contact-us\/\" \/>\n<meta property=\"og:locale\" content=\"fr_FR\" \/>\n<meta property=\"og:type\" content=\"article\" \/>\n<meta property=\"og:title\" content=\"Nous Contacter - Schirmen Pharmaceuticals GmbH\" \/>\n<meta property=\"og:description\" content=\"[vc_row row_content_width=\u00a0\u00bbgrid\u00a0\u00bb css=\u00a0\u00bb.vc_custom_1594372093777{padding-top: 80px !important;padding-bottom: 61px !important;}\u00a0\u00bb][vc_column width=\u00a0\u00bb1\/2&Prime;][vc_custom_heading text=\u00a0\u00bbDemandes\u00a0\u00bb font_container=\u00a0\u00bbtag:h3|text_align:left\u00a0\u00bb use_theme_fonts=\u00a0\u00bbyes\u00a0\u00bb][vc_column_text]Vous souhaitez vous associer \u00e0 nous ou avez des questions concernant nos produits ou services? Remplissez le formulaire ci-dessous et nous vous r\u00e9pondrons rapidement.[\/vc_column_text][\/vc_column][vc_column width=\u00a0\u00bb1\/2&Prime;][vc_custom_heading text=\u00a0\u00bbCarri\u00e8re\u00a0\u00bb font_container=\u00a0\u00bbtag:h3|text_align:left\u00a0\u00bb use_theme_fonts=\u00a0\u00bbyes\u00a0\u00bb][vc_column_text]Nous ne cessons [&hellip;]\" \/>\n<meta property=\"og:url\" content=\"https:\/\/www.schirmen-pharma.com\/fr\/contact-us\/\" \/>\n<meta property=\"og:site_name\" content=\"Schirmen Pharmaceuticals GmbH\" \/>\n<meta property=\"article:modified_time\" content=\"2022-07-07T06:11:02+00:00\" \/>\n<meta name=\"twitter:card\" content=\"summary_large_image\" \/>\n<meta name=\"twitter:label1\" content=\"Dur\u00e9e de lecture estim\u00e9e\" \/>\n\t<meta name=\"twitter:data1\" content=\"1 minute\" \/>\n<script type=\"application\/ld+json\" class=\"yoast-schema-graph\">{\"@context\":\"https:\/\/schema.org\",\"@graph\":[{\"@type\":\"WebPage\",\"@id\":\"https:\/\/www.schirmen-pharma.com\/fr\/contact-us\/\",\"url\":\"https:\/\/www.schirmen-pharma.com\/fr\/contact-us\/\",\"name\":\"Nous Contacter - Schirmen Pharmaceuticals GmbH\",\"isPartOf\":{\"@id\":\"https:\/\/www.schirmen-pharma.com\/#website\"},\"datePublished\":\"2017-04-20T14:56:27+00:00\",\"dateModified\":\"2022-07-07T06:11:02+00:00\",\"breadcrumb\":{\"@id\":\"https:\/\/www.schirmen-pharma.com\/fr\/contact-us\/#breadcrumb\"},\"inLanguage\":\"fr-FR\",\"potentialAction\":[{\"@type\":\"ReadAction\",\"target\":[\"https:\/\/www.schirmen-pharma.com\/fr\/contact-us\/\"]}]},{\"@type\":\"BreadcrumbList\",\"@id\":\"https:\/\/www.schirmen-pharma.com\/fr\/contact-us\/#breadcrumb\",\"itemListElement\":[{\"@type\":\"ListItem\",\"position\":1,\"name\":\"Home\",\"item\":\"https:\/\/www.schirmen-pharma.com\/fr\/\"},{\"@type\":\"ListItem\",\"position\":2,\"name\":\"Nous Contacter\"}]},{\"@type\":\"WebSite\",\"@id\":\"https:\/\/www.schirmen-pharma.com\/#website\",\"url\":\"https:\/\/www.schirmen-pharma.com\/\",\"name\":\"Schirmen Pharmaceuticals GmbH\",\"description\":\"Quality Medicine, Trusted Care.\",\"potentialAction\":[{\"@type\":\"SearchAction\",\"target\":{\"@type\":\"EntryPoint\",\"urlTemplate\":\"https:\/\/www.schirmen-pharma.com\/?s={search_term_string}\"},\"query-input\":{\"@type\":\"PropertyValueSpecification\",\"valueRequired\":true,\"valueName\":\"search_term_string\"}}],\"inLanguage\":\"fr-FR\"}]}<\/script>\n<!-- \/ Yoast SEO plugin. -->","yoast_head_json":{"title":"Nous Contacter - Schirmen Pharmaceuticals GmbH","robots":{"index":"index","follow":"follow","max-snippet":"max-snippet:-1","max-image-preview":"max-image-preview:large","max-video-preview":"max-video-preview:-1"},"canonical":"https:\/\/www.schirmen-pharma.com\/fr\/contact-us\/","og_locale":"fr_FR","og_type":"article","og_title":"Nous Contacter - Schirmen Pharmaceuticals GmbH","og_description":"[vc_row row_content_width=\u00a0\u00bbgrid\u00a0\u00bb css=\u00a0\u00bb.vc_custom_1594372093777{padding-top: 80px !important;padding-bottom: 61px !important;}\u00a0\u00bb][vc_column width=\u00a0\u00bb1\/2&Prime;][vc_custom_heading text=\u00a0\u00bbDemandes\u00a0\u00bb font_container=\u00a0\u00bbtag:h3|text_align:left\u00a0\u00bb use_theme_fonts=\u00a0\u00bbyes\u00a0\u00bb][vc_column_text]Vous souhaitez vous associer \u00e0 nous ou avez des questions concernant nos produits ou services? Remplissez le formulaire ci-dessous et nous vous r\u00e9pondrons rapidement.[\/vc_column_text][\/vc_column][vc_column width=\u00a0\u00bb1\/2&Prime;][vc_custom_heading text=\u00a0\u00bbCarri\u00e8re\u00a0\u00bb font_container=\u00a0\u00bbtag:h3|text_align:left\u00a0\u00bb use_theme_fonts=\u00a0\u00bbyes\u00a0\u00bb][vc_column_text]Nous ne cessons [&hellip;]","og_url":"https:\/\/www.schirmen-pharma.com\/fr\/contact-us\/","og_site_name":"Schirmen Pharmaceuticals GmbH","article_modified_time":"2022-07-07T06:11:02+00:00","twitter_card":"summary_large_image","twitter_misc":{"Dur\u00e9e de lecture estim\u00e9e":"1 minute"},"schema":{"@context":"https:\/\/schema.org","@graph":[{"@type":"WebPage","@id":"https:\/\/www.schirmen-pharma.com\/fr\/contact-us\/","url":"https:\/\/www.schirmen-pharma.com\/fr\/contact-us\/","name":"Nous Contacter - Schirmen Pharmaceuticals GmbH","isPartOf":{"@id":"https:\/\/www.schirmen-pharma.com\/#website"},"datePublished":"2017-04-20T14:56:27+00:00","dateModified":"2022-07-07T06:11:02+00:00","breadcrumb":{"@id":"https:\/\/www.schirmen-pharma.com\/fr\/contact-us\/#breadcrumb"},"inLanguage":"fr-FR","potentialAction":[{"@type":"ReadAction","target":["https:\/\/www.schirmen-pharma.com\/fr\/contact-us\/"]}]},{"@type":"BreadcrumbList","@id":"https:\/\/www.schirmen-pharma.com\/fr\/contact-us\/#breadcrumb","itemListElement":[{"@type":"ListItem","position":1,"name":"Home","item":"https:\/\/www.schirmen-pharma.com\/fr\/"},{"@type":"ListItem","position":2,"name":"Nous Contacter"}]},{"@type":"WebSite","@id":"https:\/\/www.schirmen-pharma.com\/#website","url":"https:\/\/www.schirmen-pharma.com\/","name":"Schirmen Pharmaceuticals GmbH","description":"Quality Medicine, Trusted Care.","potentialAction":[{"@type":"SearchAction","target":{"@type":"EntryPoint","urlTemplate":"https:\/\/www.schirmen-pharma.com\/?s={search_term_string}"},"query-input":{"@type":"PropertyValueSpecification","valueRequired":true,"valueName":"search_term_string"}}],"inLanguage":"fr-FR"}]}},"_links":{"self":[{"href":"https:\/\/www.schirmen-pharma.com\/fr\/wp-json\/wp\/v2\/pages\/10039","targetHints":{"allow":["GET"]}}],"collection":[{"href":"https:\/\/www.schirmen-pharma.com\/fr\/wp-json\/wp\/v2\/pages"}],"about":[{"href":"https:\/\/www.schirmen-pharma.com\/fr\/wp-json\/wp\/v2\/types\/page"}],"author":[{"embeddable":true,"href":"https:\/\/www.schirmen-pharma.com\/fr\/wp-json\/wp\/v2\/users\/1"}],"replies":[{"embeddable":true,"href":"https:\/\/www.schirmen-pharma.com\/fr\/wp-json\/wp\/v2\/comments?post=10039"}],"version-history":[{"count":20,"href":"https:\/\/www.schirmen-pharma.com\/fr\/wp-json\/wp\/v2\/pages\/10039\/revisions"}],"predecessor-version":[{"id":10493,"href":"https:\/\/www.schirmen-pharma.com\/fr\/wp-json\/wp\/v2\/pages\/10039\/revisions\/10493"}],"wp:attachment":[{"href":"https:\/\/www.schirmen-pharma.com\/fr\/wp-json\/wp\/v2\/media?parent=10039"}],"curies":[{"name":"wp","href":"https:\/\/api.w.org\/{rel}","templated":true}]}}