{"id":10204,"date":"2020-07-10T17:06:00","date_gmt":"2020-07-10T17:06:00","guid":{"rendered":"http:\/\/www.schirmen-pharma.com\/products-services\/"},"modified":"2021-01-13T08:39:07","modified_gmt":"2021-01-13T08:39:07","slug":"products-services","status":"publish","type":"page","link":"https:\/\/www.schirmen-pharma.com\/de\/products-services\/","title":{"rendered":"Produkte und Funktionen"},"content":{"rendered":"<div class=\"wpb-content-wrapper\"><p>[vc_row row_content_width=&#8220;grid&#8220; css=&#8220;.vc_custom_1592127496205{padding-top: 70px !important;padding-bottom: 70px !important;}&#8220;][vc_column][vc_column_text]<strong>Schirmen Pharmaceuticals GmbH<\/strong> ist ein professionell gef\u00fchrtes Unternehmen f\u00fcr die Herstellung und Vermarktung von Pharma- und Gesundheitsprodukten. Wir f\u00fchren eine Gruppe dynamischer Importeure, Exporteure und Vertriebsh\u00e4ndler an, die dazu beitragen, die Nachfrage nach Qualit\u00e4tsprodukten zu befriedigen, die in unseren hochmodernen Produktionsst\u00e4tten auf der ganzen Welt, einschlie\u00dflich Deutschland, hergestellt werden. Durch unser Netzwerk von Pharmaherstellern und -h\u00e4ndlern k\u00f6nnen wir die L\u00fccke zwischen Angebot und Nachfrage nach hochwertigen Arzneimitteln im Zusammenhang mit Antidiabetika, Immunmodulatoren, Malariamitteln, Herzerkrankungen und allgemeinem Lebensstil schlie\u00dfen.[\/vc_column_text][\/vc_column][\/vc_row][vc_row content_placement=&#8220;middle&#8220; row_content_width=&#8220;grid&#8220; css=&#8220;.vc_custom_1594400481220{padding-bottom: 70px !important;}&#8220;][vc_column offset=&#8220;vc_col-lg-6 vc_col-md-12 vc_col-xs-12&#8243;][vc_single_image image=&#8220;10483&#8243; img_size=&#8220;full&#8220; alignment=&#8220;center&#8220;][\/vc_column][vc_column offset=&#8220;vc_col-lg-6 vc_col-xs-12&#8243;]<div class=\"mkdf-elements-holder mkdf-one-column mkdf-responsive-mode-768\" ><div class=\"mkdf-eh-item \"  data-item-class=\"mkdf-eh-custom-591894\" data-1280-1600=\"5px 0% 20px\" data-1024-1280=\"38px 0% 0px\" data-768-1024=\"0px 0%\" data-600-768=\"0px 0%\" data-480-600=\"0px 0%\" data-480=\"0px 0%\">\n\t<div class=\"mkdf-eh-item-inner\">\n\t\t<div class=\"mkdf-eh-item-content mkdf-eh-custom-591894\" style=\"padding: 40px 0% 0px\">\n\t\t\t[vc_column_text css=&#8220;.vc_custom_1594538310589{margin-top: -18px !important;padding-bottom: 2px !important;}&#8220;]<\/p>\n<h3>Produkte<\/h3>\n<p>[\/vc_column_text][vc_column_text]<\/p>\n<ul>\n<li>Wir bei <strong>Schirmen Pharmaceuticals GmbH <\/strong>sind bestrebt, qualitativ hochwertige und erschwingliche Produkte sowie hochqualitative Dienstleistungen, die in der Branche verf\u00fcgbar sind, anzubieten.<\/li>\n<li>Unsere Arzneimittel, Nahrungserg\u00e4nzungsmittel, Veterin\u00e4r-, Medizinprodukteund Konsumg\u00fcter werden in den Entwicklungsl\u00e4ndern \u00fcber ein wachsendes Netzwerk von Gro\u00dfh\u00e4ndlern, Apotheken und Einzelh\u00e4ndlern vertrieben.<\/li>\n<li>Bei der Herstellung und Vermarktung unserer Produkte konzentrieren wir uns bei <strong>Schirmen Pharmaceuticals <\/strong>nicht nur auf die Qualit\u00e4t, sondern ber\u00fccksichtigen auch den Erschwinglichkeitsfaktor f\u00fcr Verbraucher und Patienten, die unsere Produkte am dringendsten ben\u00f6tigen. Bei der Wahl und Herstellung unserer Produkte werden die j\u00fcngsten Erkenntnisse, die in den Weltm\u00e4rkten beobachtet wurden, integriert. Somit k\u00f6nnen wir eine Vielfalt an Pharmaprodukte anbieten, die erschwinglich sind,aber auch die Standards f\u00fcr Qualit\u00e4t einhalten.<\/li>\n<li>Bei <strong>Schirmen Pharmaceuticals <\/strong> ist unser Motto die Vielfalt und die hohen Standards f\u00fcr Qualit\u00e4t in den M\u00e4rkten der Industriel\u00e4nder mit dem Bedarf nach den gleichen Qualit\u00e4tsprodukten in einem erschwinglichen Preis zu verbinden zum Wohl der Patienten und Verbraucher in den Entwicklungsl\u00e4ndern. Wir wollen weiterhin bei der Erreichung dieser Ziele an vorderster Front zu stehen.<\/li>\n<li>Um die neueste Produktliste zu erhalten, senden Sie uns eine email an <a href=\"mailto:business@schirmen-pharma.com\">business@schirmen-pharma.com<\/a><\/li>\n<\/ul>\n<p>[\/vc_column_text]\t\t<\/div>\n\t<\/div>\n<\/div><\/div>[\/vc_column][\/vc_row][vc_row content_placement=&#8220;middle&#8220; row_content_width=&#8220;grid&#8220; css=&#8220;.vc_custom_1589826528845{padding-top: 50px !important;padding-bottom: 70px !important;}&#8220;][vc_column offset=&#8220;vc_col-lg-6 vc_col-md-12 vc_col-xs-12&#8243;]<div class=\"mkdf-elements-holder mkdf-one-column mkdf-responsive-mode-768\" ><div class=\"mkdf-eh-item \"  data-item-class=\"mkdf-eh-custom-274397\" data-1280-1600=\"5px 0% 20px\" data-1024-1280=\"38px 0% 0px\" data-768-1024=\"0px 0%\" data-600-768=\"0px 0%\" data-480-600=\"0px 0%\" data-480=\"0px 0%\">\n\t<div class=\"mkdf-eh-item-inner\">\n\t\t<div class=\"mkdf-eh-item-content mkdf-eh-custom-274397\" style=\"padding: 40px 0% 0px\">\n\t\t\t[vc_column_text css=&#8220;.vc_custom_1594538905709{margin-top: -18px !important;padding-bottom: 2px !important;}&#8220;]<\/p>\n<h3>Regulatorisches<\/h3>\n<p>[\/vc_column_text][vc_column_text]<\/p>\n<ul>\n<li>Wir legen Wert darauf, die gesetzlichen Vorschriften des Marktes sowie die Gesch\u00e4ftspraktiken der verschiedenen L\u00e4nder einzuhalten, in denen wir t\u00e4tig sind.<\/li>\n<li>Unsere Hersteller und Vertreiber von pharmazeutischen Produkten in Europa und auf der ganzen Welt verlassen sich auf unsere Erfahrung und unser kompetentes Personal, um die Produktregistrierung effektiv und effizient abzuschlie\u00dfen. Dabei unterst\u00fctzen wir unsere Partner vor Ort unerm\u00fcdlich von der Registrierung bis zum Import.<\/li>\n<\/ul>\n<p>[\/vc_column_text]\t\t<\/div>\n\t<\/div>\n<\/div><\/div>[\/vc_column][vc_column offset=&#8220;vc_col-lg-6 vc_col-md-12 vc_col-xs-12&#8243;][vc_single_image image=&#8220;9815&#8243; img_size=&#8220;full&#8220; alignment=&#8220;center&#8220;][\/vc_column][\/vc_row][vc_row content_placement=&#8220;middle&#8220; row_content_width=&#8220;grid&#8220; css=&#8220;.vc_custom_1594400481220{padding-bottom: 70px !important;}&#8220;][vc_column offset=&#8220;vc_col-lg-6 vc_col-md-12 vc_col-xs-12&#8243;][vc_single_image image=&#8220;9767&#8243; img_size=&#8220;full&#8220; alignment=&#8220;center&#8220;][\/vc_column][vc_column offset=&#8220;vc_col-lg-6 vc_col-xs-12&#8243;]<div class=\"mkdf-elements-holder mkdf-one-column mkdf-responsive-mode-768\" ><div class=\"mkdf-eh-item \"  data-item-class=\"mkdf-eh-custom-356585\" data-1280-1600=\"5px 0% 20px\" data-1024-1280=\"38px 0% 0px\" data-768-1024=\"0px 0%\" data-600-768=\"0px 0%\" data-480-600=\"0px 0%\" data-480=\"0px 0%\">\n\t<div class=\"mkdf-eh-item-inner\">\n\t\t<div class=\"mkdf-eh-item-content mkdf-eh-custom-356585\" style=\"padding: 40px 0% 0px\">\n\t\t\t[vc_column_text css=&#8220;.vc_custom_1594544627227{margin-top: -18px !important;padding-bottom: 2px !important;}&#8220;]<\/p>\n<h3>Qualit\u00e4t<\/h3>\n<p>[\/vc_column_text][vc_column_text]<\/p>\n<ul>\n<li>Die Definition des Qualit\u00e4tsmanagementsystems umfasst alle Aspekte der Qualit\u00e4t in Bezug auf Personen, Einrichtungen, Produkte und Dienstleistungen.<\/li>\n<li>Bei <strong>Schirmen,<\/strong> konzentriert sich das Qualit\u00e4tmanagement jedoch nicht nur auf diese Faktoren, sondern auch auf die Mittel, um dies zu erreichen. Wir stellen sicher, dass bei der Herstellung der Produkte alle Sorgfaltspflichten und Standards eingehalten werden, um eine m\u00f6glichst gleichbleibende hohe Qualit\u00e4t zu erzielen.<\/li>\n<li>Wir wollen uns eine Position auf dem Markt schaffen, die auf der Analyse von Qualit\u00e4t, Produktivit\u00e4t und Wettbewerb beruht, die auf der Basis einer sorgf\u00e4ltigen Untersuchung der Anforderungen der Kunden basiert. Es ist unsere Politik, die Anforderungen unserer Kunden zu erf\u00fcllen und deren Erwartungen sowie die unserer Teilhaber zu \u00fcbertreffen.<\/li>\n<\/ul>\n<p>[\/vc_column_text]\t\t<\/div>\n\t<\/div>\n<\/div><\/div>[\/vc_column][\/vc_row][vc_row disable_element=&#8220;yes&#8220; row_content_width=&#8220;grid&#8220; css=&#8220;.vc_custom_1594400381109{padding-bottom: 70px !important;}&#8220;][vc_column][vc_row_inner][vc_column_inner width=&#8220;1\/3&#8243;][vc_single_image image=&#8220;9954&#8243; img_size=&#8220;full&#8220; alignment=&#8220;center&#8220; onclick=&#8220;custom_link&#8220; link=&#8220;http:\/\/www.schirmen-pharma.com\/product-development\/&#8220;][vc_custom_heading text=&#8220;Products&#8220; font_container=&#8220;tag:h3|text_align:left&#8220; use_theme_fonts=&#8220;yes&#8220;][vc_column_text]At Schirmen Pharmaceuticals GmbH we are committed to manufacturing high quality, yet affordable\u00a0pharmaceutical products for the world.<\/p>\n<p><a href=\"http:\/\/www.schirmen-pharma.com\/de\/product-development\/\">Read More<\/a>[\/vc_column_text][\/vc_column_inner][vc_column_inner width=&#8220;1\/3&#8243;][vc_single_image image=&#8220;9815&#8243; img_size=&#8220;full&#8220; alignment=&#8220;center&#8220; onclick=&#8220;custom_link&#8220; link=&#8220;http:\/\/www.schirmen-pharma.com\/services\/&#8220;][vc_custom_heading text=&#8220;Regulatory Services&#8220; font_container=&#8220;tag:h3|text_align:left&#8220; use_theme_fonts=&#8220;yes&#8220;][vc_column_text]We emphasize on meeting the regulatory compliance of the market and adhere to the good business practices of the countries we operate in.<\/p>\n<p><a href=\"http:\/\/www.schirmen-pharma.com\/de\/services\/\">Read More<\/a>[\/vc_column_text][\/vc_column_inner][vc_column_inner width=&#8220;1\/3&#8243;][vc_single_image image=&#8220;9767&#8243; img_size=&#8220;full&#8220; alignment=&#8220;center&#8220; onclick=&#8220;custom_link&#8220; link=&#8220;http:\/\/www.schirmen-pharma.com\/services\/&#8220;][vc_custom_heading text=&#8220;Quality Management&#8220; font_container=&#8220;tag:h3|text_align:left&#8220; use_theme_fonts=&#8220;yes&#8220;][vc_column_text]The broader definition of Quality management system includes all aspects of quality relating to facilities, products, and services.<\/p>\n<p><a href=\"http:\/\/www.schirmen-pharma.com\/de\/services\/\">Read More<\/a>[\/vc_column_text][\/vc_column_inner][\/vc_row_inner][\/vc_column][\/vc_row]<\/p>\n<\/div>","protected":false},"excerpt":{"rendered":"<p>[vc_row row_content_width=&#8220;grid&#8220; css=&#8220;.vc_custom_1592127496205{padding-top: 70px !important;padding-bottom: 70px !important;}&#8220;][vc_column][vc_column_text]Schirmen Pharmaceuticals GmbH ist ein professionell gef\u00fchrtes Unternehmen f\u00fcr die Herstellung und Vermarktung von Pharma- und Gesundheitsprodukten. Wir f\u00fchren eine Gruppe dynamischer Importeure, Exporteure und Vertriebsh\u00e4ndler an, die dazu beitragen, die Nachfrage nach Qualit\u00e4tsprodukten [&hellip;]<\/p>\n","protected":false},"author":1,"featured_media":0,"parent":0,"menu_order":0,"comment_status":"closed","ping_status":"closed","template":"full-width.php","meta":{"footnotes":""},"class_list":["post-10204","page","type-page","status-publish","hentry"],"yoast_head":"<!-- This site is optimized with the Yoast SEO plugin v26.9 - https:\/\/yoast.com\/product\/yoast-seo-wordpress\/ -->\n<title>Produkte und Funktionen - Schirmen Pharmaceuticals GmbH<\/title>\n<meta name=\"robots\" content=\"index, follow, max-snippet:-1, max-image-preview:large, max-video-preview:-1\" \/>\n<link rel=\"canonical\" href=\"https:\/\/www.schirmen-pharma.com\/de\/products-services\/\" \/>\n<meta property=\"og:locale\" content=\"de_DE\" \/>\n<meta property=\"og:type\" content=\"article\" \/>\n<meta property=\"og:title\" content=\"Produkte und Funktionen - Schirmen Pharmaceuticals GmbH\" \/>\n<meta property=\"og:description\" content=\"[vc_row row_content_width=&#8220;grid&#8220; css=&#8220;.vc_custom_1592127496205{padding-top: 70px !important;padding-bottom: 70px !important;}&#8220;][vc_column][vc_column_text]Schirmen Pharmaceuticals GmbH ist ein professionell gef\u00fchrtes Unternehmen f\u00fcr die Herstellung und Vermarktung von Pharma- und Gesundheitsprodukten. Wir f\u00fchren eine Gruppe dynamischer Importeure, Exporteure und Vertriebsh\u00e4ndler an, die dazu beitragen, die Nachfrage nach Qualit\u00e4tsprodukten [&hellip;]\" \/>\n<meta property=\"og:url\" content=\"https:\/\/www.schirmen-pharma.com\/de\/products-services\/\" \/>\n<meta property=\"og:site_name\" content=\"Schirmen Pharmaceuticals GmbH\" \/>\n<meta property=\"article:modified_time\" content=\"2021-01-13T08:39:07+00:00\" \/>\n<meta name=\"twitter:card\" content=\"summary_large_image\" \/>\n<meta name=\"twitter:label1\" content=\"Gesch\u00e4tzte Lesezeit\" \/>\n\t<meta name=\"twitter:data1\" content=\"6\u00a0Minuten\" \/>\n<script type=\"application\/ld+json\" class=\"yoast-schema-graph\">{\"@context\":\"https:\/\/schema.org\",\"@graph\":[{\"@type\":\"WebPage\",\"@id\":\"https:\/\/www.schirmen-pharma.com\/de\/products-services\/\",\"url\":\"https:\/\/www.schirmen-pharma.com\/de\/products-services\/\",\"name\":\"Produkte und Funktionen - Schirmen Pharmaceuticals GmbH\",\"isPartOf\":{\"@id\":\"https:\/\/www.schirmen-pharma.com\/#website\"},\"datePublished\":\"2020-07-10T17:06:00+00:00\",\"dateModified\":\"2021-01-13T08:39:07+00:00\",\"breadcrumb\":{\"@id\":\"https:\/\/www.schirmen-pharma.com\/de\/products-services\/#breadcrumb\"},\"inLanguage\":\"de\",\"potentialAction\":[{\"@type\":\"ReadAction\",\"target\":[\"https:\/\/www.schirmen-pharma.com\/de\/products-services\/\"]}]},{\"@type\":\"BreadcrumbList\",\"@id\":\"https:\/\/www.schirmen-pharma.com\/de\/products-services\/#breadcrumb\",\"itemListElement\":[{\"@type\":\"ListItem\",\"position\":1,\"name\":\"Home\",\"item\":\"https:\/\/www.schirmen-pharma.com\/de\/\"},{\"@type\":\"ListItem\",\"position\":2,\"name\":\"Produkte und Funktionen\"}]},{\"@type\":\"WebSite\",\"@id\":\"https:\/\/www.schirmen-pharma.com\/#website\",\"url\":\"https:\/\/www.schirmen-pharma.com\/\",\"name\":\"Schirmen Pharmaceuticals GmbH\",\"description\":\"Quality Medicine, Trusted Care.\",\"potentialAction\":[{\"@type\":\"SearchAction\",\"target\":{\"@type\":\"EntryPoint\",\"urlTemplate\":\"https:\/\/www.schirmen-pharma.com\/?s={search_term_string}\"},\"query-input\":{\"@type\":\"PropertyValueSpecification\",\"valueRequired\":true,\"valueName\":\"search_term_string\"}}],\"inLanguage\":\"de\"}]}<\/script>\n<!-- \/ Yoast SEO plugin. -->","yoast_head_json":{"title":"Produkte und Funktionen - Schirmen Pharmaceuticals GmbH","robots":{"index":"index","follow":"follow","max-snippet":"max-snippet:-1","max-image-preview":"max-image-preview:large","max-video-preview":"max-video-preview:-1"},"canonical":"https:\/\/www.schirmen-pharma.com\/de\/products-services\/","og_locale":"de_DE","og_type":"article","og_title":"Produkte und Funktionen - Schirmen Pharmaceuticals GmbH","og_description":"[vc_row row_content_width=&#8220;grid&#8220; css=&#8220;.vc_custom_1592127496205{padding-top: 70px !important;padding-bottom: 70px !important;}&#8220;][vc_column][vc_column_text]Schirmen Pharmaceuticals GmbH ist ein professionell gef\u00fchrtes Unternehmen f\u00fcr die Herstellung und Vermarktung von Pharma- und Gesundheitsprodukten. Wir f\u00fchren eine Gruppe dynamischer Importeure, Exporteure und Vertriebsh\u00e4ndler an, die dazu beitragen, die Nachfrage nach Qualit\u00e4tsprodukten [&hellip;]","og_url":"https:\/\/www.schirmen-pharma.com\/de\/products-services\/","og_site_name":"Schirmen Pharmaceuticals GmbH","article_modified_time":"2021-01-13T08:39:07+00:00","twitter_card":"summary_large_image","twitter_misc":{"Gesch\u00e4tzte Lesezeit":"6\u00a0Minuten"},"schema":{"@context":"https:\/\/schema.org","@graph":[{"@type":"WebPage","@id":"https:\/\/www.schirmen-pharma.com\/de\/products-services\/","url":"https:\/\/www.schirmen-pharma.com\/de\/products-services\/","name":"Produkte und Funktionen - Schirmen Pharmaceuticals GmbH","isPartOf":{"@id":"https:\/\/www.schirmen-pharma.com\/#website"},"datePublished":"2020-07-10T17:06:00+00:00","dateModified":"2021-01-13T08:39:07+00:00","breadcrumb":{"@id":"https:\/\/www.schirmen-pharma.com\/de\/products-services\/#breadcrumb"},"inLanguage":"de","potentialAction":[{"@type":"ReadAction","target":["https:\/\/www.schirmen-pharma.com\/de\/products-services\/"]}]},{"@type":"BreadcrumbList","@id":"https:\/\/www.schirmen-pharma.com\/de\/products-services\/#breadcrumb","itemListElement":[{"@type":"ListItem","position":1,"name":"Home","item":"https:\/\/www.schirmen-pharma.com\/de\/"},{"@type":"ListItem","position":2,"name":"Produkte und Funktionen"}]},{"@type":"WebSite","@id":"https:\/\/www.schirmen-pharma.com\/#website","url":"https:\/\/www.schirmen-pharma.com\/","name":"Schirmen Pharmaceuticals GmbH","description":"Quality Medicine, Trusted Care.","potentialAction":[{"@type":"SearchAction","target":{"@type":"EntryPoint","urlTemplate":"https:\/\/www.schirmen-pharma.com\/?s={search_term_string}"},"query-input":{"@type":"PropertyValueSpecification","valueRequired":true,"valueName":"search_term_string"}}],"inLanguage":"de"}]}},"_links":{"self":[{"href":"https:\/\/www.schirmen-pharma.com\/de\/wp-json\/wp\/v2\/pages\/10204","targetHints":{"allow":["GET"]}}],"collection":[{"href":"https:\/\/www.schirmen-pharma.com\/de\/wp-json\/wp\/v2\/pages"}],"about":[{"href":"https:\/\/www.schirmen-pharma.com\/de\/wp-json\/wp\/v2\/types\/page"}],"author":[{"embeddable":true,"href":"https:\/\/www.schirmen-pharma.com\/de\/wp-json\/wp\/v2\/users\/1"}],"replies":[{"embeddable":true,"href":"https:\/\/www.schirmen-pharma.com\/de\/wp-json\/wp\/v2\/comments?post=10204"}],"version-history":[{"count":11,"href":"https:\/\/www.schirmen-pharma.com\/de\/wp-json\/wp\/v2\/pages\/10204\/revisions"}],"predecessor-version":[{"id":10486,"href":"https:\/\/www.schirmen-pharma.com\/de\/wp-json\/wp\/v2\/pages\/10204\/revisions\/10486"}],"wp:attachment":[{"href":"https:\/\/www.schirmen-pharma.com\/de\/wp-json\/wp\/v2\/media?parent=10204"}],"curies":[{"name":"wp","href":"https:\/\/api.w.org\/{rel}","templated":true}]}}