{"id":10051,"date":"2017-04-21T12:34:06","date_gmt":"2017-04-21T12:34:06","guid":{"rendered":"http:\/\/www.schirmen-pharma.com\/partner\/"},"modified":"2020-08-20T10:31:59","modified_gmt":"2020-08-20T10:31:59","slug":"partner","status":"publish","type":"page","link":"https:\/\/www.schirmen-pharma.com\/de\/partner\/","title":{"rendered":"Partner"},"content":{"rendered":"<div class=\"wpb-content-wrapper\"><p>[vc_row row_content_width=&#8220;grid&#8220; content_text_aligment=&#8220;left&#8220; css=&#8220;.vc_custom_1589477693101{padding-top: 35px !important;padding-bottom: 35px !important;}&#8220; el_class=&#8220;three-top-icon&#8220; simple_background_color=&#8220;#453487&#8243;][vc_column offset=&#8220;vc_col-md-4 vc_col-xs-12&#8243;]<div class=\"mkdf-elements-holder mkdf-one-column mkdf-responsive-mode-768\" ><div class=\"mkdf-eh-item \"  data-item-class=\"mkdf-eh-custom-129511\" data-1280-1600=\"0px 7px 0px 0px\" data-1024-1280=\"0px 7px 0px 0px\" data-768-1024=\"0px 7px 0px 0px\" data-600-768=\"0px 0px 13px 70px\" data-480-600=\"0px 0px 20px 4px\" data-480=\"0px 0px 20px 4px\">\n\t<div class=\"mkdf-eh-item-inner\">\n\t\t<div class=\"mkdf-eh-item-content mkdf-eh-custom-129511\" style=\"padding: 0px 5% 0px 0px\">\n\t\t\t<div class=\"mkdf-iwt clearfix mkdf-iwt-icon-left-from-title mkdf-iwt-icon-medium\">\n\t<div class=\"mkdf-iwt-content\" >\n\t\t\t\t\t<h4 class=\"mkdf-iwt-title\" style=\"color: #ffffff;font-size: 14px;font-weight: 400;line-height: 26px\">\n\t\t\t\t\t\t\t\t\t<a itemprop=\"url\" href=\"#\" target=\"_self\">\n\t\t\t\t\t\t\t\t\t<span class=\"mkdf-iwt-icon\" style=\"padding:0 5% 0 0\">\n\t\t\t\t\t\t                            <img decoding=\"async\" src=\"https:\/\/www.schirmen-pharma.com\/wp-content\/uploads\/2020\/05\/thinking-differently.png\" alt=\"Custom icon\" style=\"width:59px;height:48px;\"\/>\n\t\t\t\t\t\t\t\t\t\t\t<\/span>\n\t\t\t\t\t<span class=\"mkdf-iwt-title-text\">Indem wir anders denken, unterscheiden wir uns mit innovativen L\u00f6sungen.<\/span>\n\t\t\t\t\t\t\t\t\t<\/a>\n\t\t\t\t\t\t\t<\/h4>\n\t\t\t\t\t<\/div>\n<\/div>\t\t<\/div>\n\t<\/div>\n<\/div><\/div>[\/vc_column][vc_column css=&#8220;.vc_custom_1493295882034{margin-top: 0px !important;margin-bottom: 0px !important;border-right-width: 1px !important;border-left-width: 1px !important;padding-top: 0px !important;padding-bottom: 0px !important;border-left-color: #e2e2e2 !important;border-left-style: solid !important;border-right-color: #e2e2e2 !important;border-right-style: solid !important;}&#8220; offset=&#8220;vc_col-md-4 vc_col-xs-12&#8243;]<div class=\"mkdf-elements-holder mkdf-one-column mkdf-responsive-mode-768\" ><div class=\"mkdf-eh-item \"  data-item-class=\"mkdf-eh-custom-598483\" data-1280-1600=\"0px 40px 0px 38px\" data-1024-1280=\"0px 40px 0px 38px\" data-768-1024=\"0px 11px 0px 15px\" data-600-768=\"0px 0px 13px 67px\" data-480-600=\"0px 0px 20px\" data-480=\"0px 0px 20px\">\n\t<div class=\"mkdf-eh-item-inner\">\n\t\t<div class=\"mkdf-eh-item-content mkdf-eh-custom-598483\" style=\"padding: 0px 40px 0px 38px\">\n\t\t\t<div class=\"mkdf-iwt clearfix mkdf-iwt-icon-left-from-title mkdf-iwt-icon-medium\">\n\t<div class=\"mkdf-iwt-content\" >\n\t\t\t\t\t<h4 class=\"mkdf-iwt-title\" style=\"color: #ffffff;font-size: 14px;font-weight: 400;line-height: 26px\">\n\t\t\t\t\t\t\t\t\t<a itemprop=\"url\" href=\"#\" target=\"_self\">\n\t\t\t\t\t\t\t\t\t<span class=\"mkdf-iwt-icon\" style=\"padding:0 7px 0 0\">\n\t\t\t\t\t\t                            <img decoding=\"async\" src=\"https:\/\/www.schirmen-pharma.com\/wp-content\/uploads\/2020\/05\/knowledge-driven.png\" alt=\"Custom icon\" style=\"width:59px;height:48px;\"\/>\n\t\t\t\t\t\t\t\t\t\t\t<\/span>\n\t\t\t\t\t<span class=\"mkdf-iwt-title-text\">Wir sind wissensbasiert, offen f\u00fcr Ideen und haben eine Leidenschaft f\u00fcr Spitzenleistungen.<\/span>\n\t\t\t\t\t\t\t\t\t<\/a>\n\t\t\t\t\t\t\t<\/h4>\n\t\t\t\t\t<\/div>\n<\/div>\t\t<\/div>\n\t<\/div>\n<\/div><\/div>[\/vc_column][vc_column offset=&#8220;vc_col-md-4 vc_col-xs-12&#8243;]<div class=\"mkdf-elements-holder mkdf-one-column mkdf-responsive-mode-768\" ><div class=\"mkdf-eh-item \"  data-item-class=\"mkdf-eh-custom-850711\" data-1280-1600=\"0px 0px 0px 43px\" data-1024-1280=\"0px 0px 0px 43px\" data-768-1024=\"0px 0px 0px 15px\" data-600-768=\"0px 0px 13px 70px\" data-480-600=\"0px 0px 20px 4px\" data-480=\"0px 0px 20px 4px\">\n\t<div class=\"mkdf-eh-item-inner\">\n\t\t<div class=\"mkdf-eh-item-content mkdf-eh-custom-850711\" style=\"padding: 0px 0px 0px 43px\">\n\t\t\t<div class=\"mkdf-iwt clearfix mkdf-iwt-icon-left-from-title mkdf-iwt-icon-medium\">\n\t<div class=\"mkdf-iwt-content\" >\n\t\t\t\t\t<h4 class=\"mkdf-iwt-title\" style=\"color: #ffffff;font-size: 14px;font-weight: 400;line-height: 26px\">\n\t\t\t\t\t\t\t\t\t<a itemprop=\"url\" href=\"#\" target=\"_self\">\n\t\t\t\t\t\t\t\t\t<span class=\"mkdf-iwt-icon\" style=\"padding:0 9px 0 0\">\n\t\t\t\t\t\t                            <img decoding=\"async\" src=\"https:\/\/www.schirmen-pharma.com\/wp-content\/uploads\/2020\/05\/Target-01.png\" alt=\"Custom icon\" style=\"width:59px;height:48px;\"\/>\n\t\t\t\t\t\t\t\t\t\t\t<\/span>\n\t\t\t\t\t<span class=\"mkdf-iwt-title-text\">Wir sind inklusiv und arbeiten gemeinsam auf unsere gemeinsamen Ziele hin.<\/span>\n\t\t\t\t\t\t\t\t\t<\/a>\n\t\t\t\t\t\t\t<\/h4>\n\t\t\t\t\t<\/div>\n<\/div>\t\t<\/div>\n\t<\/div>\n<\/div><\/div>[\/vc_column][\/vc_row][vc_row row_content_width=&#8220;grid&#8220; content_text_aligment=&#8220;center&#8220; css=&#8220;.vc_custom_1589830253312{padding-top: 70px !important;padding-bottom: 70px !important;}&#8220;][vc_column][vc_column_text]<\/p>\n<h3><strong>Ihr vertrauensw\u00fcrdiger Partner, der Flexibilit\u00e4t, Agilit\u00e4t, Innovation und Zuverl\u00e4ssigkeit als Grundpfeiler seines Handels sieht <\/strong><\/h3>\n<p>[\/vc_column_text][\/vc_column][\/vc_row][vc_row row_content_width=&#8220;grid&#8220; css=&#8220;.vc_custom_1590820591572{padding-bottom: 70px !important;}&#8220;][vc_column width=&#8220;1\/2&#8243;][vc_row_inner][vc_column_inner]<div class=\"mkdf-iwt clearfix mkdf-iwt-icon-left mkdf-iwt-icon-medium\">\n\t<div class=\"mkdf-iwt-icon\" >\n\t\t\t\t\t                <img decoding=\"async\" src=\"https:\/\/www.schirmen-pharma.com\/wp-content\/uploads\/2020\/05\/Manufacturing-icon-01.png\" alt=\"Custom icon\" style=\"width:50px;height:68px;\"\/>\n\t\t\t\t\t\t<\/div>\n\t<div class=\"mkdf-iwt-content\" >\n\t\t\t\t\t\t\t<h5 class=\"mkdf-iwt-title\" >\n\t\t\t\t\t\t\t\t<span class=\"mkdf-iwt-title-text\">Herstellung<\/span>\n\t\t\t\t\t\t\t<\/h5>\n\t\t\t\t\t\t\t<p class=\"mkdf-iwt-text\" >Schirmen Pharmaceuticals verf\u00fcgt \u00fcber ein gut etabliertes Netzwerk renommierter Hersteller von pharmazeutischen Produkten auf der ganzen Welt. Unser Fokus auf Spitzenleistungen wurde durch unsere Zusammenarbeit mit einigen der zuverl\u00e4ssigsten und kosteng\u00fcnstigsten Partner definiert, die zeitnah und dennoch qualitativ hochwertige Produkte unter strengsten GMP-Standards liefern. Es hat uns geholfen, unseren Horizont zu erweitern und uns zu einem aufstrebenden Exporteur von hochwertigen pharmazeutischen Produkten in Deutschland zu machen. Durch unsere Forschungskapazit\u00e4ten und unser Verst\u00e4ndnis der M\u00e4rkte konnten wir den Anforderungen an Arzneimitteln, Nahrungserg\u00e4nzungsmitteln und anderen Pharmaprodukten in Entwicklungsl\u00e4ndern gerecht werden. Wenn Sie mit uns zusammenarbeiten m\u00f6chten, um Ihre Produkte zu exportieren und qualitativ hochwertige Produkte zu wettbewerbsf\u00e4higen Preisen herzustellen, kontaktieren Sie uns bitte unter: business@schirmen-pharma.com<\/p>\n\t\t\t<\/div>\n<\/div>[\/vc_column_inner][\/vc_row_inner][\/vc_column][vc_column width=&#8220;1\/2&#8243; css=&#8220;.vc_custom_1589830439036{padding-bottom: -80px !important;}&#8220;][vc_single_image image=&#8220;9912&#8243; img_size=&#8220;full&#8220; alignment=&#8220;center&#8220;][\/vc_column][\/vc_row][vc_row row_content_width=&#8220;grid&#8220; css=&#8220;.vc_custom_1590820591572{padding-bottom: 70px !important;}&#8220;][vc_column width=&#8220;1\/2&#8243;][vc_single_image image=&#8220;10345&#8243; img_size=&#8220;full&#8220; alignment=&#8220;center&#8220;][\/vc_column][vc_column width=&#8220;1\/2&#8243; css=&#8220;.vc_custom_1589830439036{padding-bottom: -80px !important;}&#8220;][vc_row_inner][vc_column_inner]<div class=\"mkdf-iwt clearfix mkdf-iwt-icon-left mkdf-iwt-icon-medium\">\n\t<div class=\"mkdf-iwt-icon\" >\n\t\t\t\t\t                <img decoding=\"async\" src=\"https:\/\/www.schirmen-pharma.com\/wp-content\/uploads\/2020\/05\/Marketing-icon-01.png\" alt=\"Custom icon\" style=\"width:50px;height:68px;\"\/>\n\t\t\t\t\t\t<\/div>\n\t<div class=\"mkdf-iwt-content\" >\n\t\t\t\t\t\t\t<h5 class=\"mkdf-iwt-title\" >\n\t\t\t\t\t\t\t\t<span class=\"mkdf-iwt-title-text\">Marketing<\/span>\n\t\t\t\t\t\t\t<\/h5>\n\t\t\t\t\t\t\t<p class=\"mkdf-iwt-text\" >Schirmen Pharmaceuticals unbestrittene Erfolgsbilanz bei der Vermarktung, dem Verkauf und der Herstellung von Produkten in den M\u00e4rkten ist durch den professionellen Umgang mit einer Gruppe von Vermarktern, H\u00e4ndlern und Gro\u00dfh\u00e4ndlern auf der ganzen Welt gekennzeichnet. Durch dieses starke Netzwerk k\u00f6nnen wir den Anforderungen hochwertiger Gesundheitsprodukte in afrikanischen L\u00e4ndern wie der Elfenbeink\u00fcste, Mali, Senegal, Mauretanien, Guinea, Kamerun, Tschad, Gabun, Kongo-Brazzaville, Benin und Togo gerecht werden, den Preiswettbewerb bestehen, und somit den gegenseitigen Vorteil aller Partner erzielen. Schirmen ist aufgrund seines einzigartigen Gesch\u00e4ftsmodells, das auf dem gegenseitigen Nutzen aller Partner beruht, in der Lage, den Preiswettbewerb langfristig abzusichern. Wenn Sie mit uns den gemeinsamen Weg zu Wachstum gehen m\u00f6chten,kontaktieren Sie uns bitte unter: business@schirmen-pharma.com<\/p>\n\t\t\t<\/div>\n<\/div>[\/vc_column_inner][\/vc_row_inner][\/vc_column][\/vc_row][vc_row row_content_width=&#8220;grid&#8220; css=&#8220;.vc_custom_1589824867150{padding-top: 50px !important;}&#8220; simple_background_color=&#8220;#fafafa&#8220;][vc_column offset=&#8220;vc_col-lg-6 vc_col-xs-12&#8243;]<div class=\"mkdf-section-title-holder mkdf-st-standard mkdf-st-title-left mkdf-st-normal-space mkdf-st-disable-title-break\" >\n\t<div class=\"mkdf-st-inner\">\n\t\t\t\t\t<h2 class=\"mkdf-st-title\" >\n\t\t\t\t<span class=\"mkdf-st-title-light\">Warum<\/span> <span class=\"mkdf-st-title-light\">wir?<\/span> <span class=\"mkdf-st-title-bold\"><\/span> <span class=\"mkdf-st-title-light\"><\/span> <span class=\"mkdf-st-title-light\"><\/span><br \/>\t\t\t<\/h2>\n\t\t\t\t\t<\/div>\n<\/div>[vc_column_text]Schirmen Pharmaceuticals hat ein Gesch\u00e4ftsmodell entwickelt, das auf Richtlinien kooperativer Beziehungen mit allen Beteiligten beruht, welches f\u00fcr Schirmen Pharmaceuticals als auch f\u00fcr alle unsere Partner ein Win-Win-Ergebnis erm\u00f6glicht.<\/p>\n<p>Eine engagierte Hersteller-Lieferanten-H\u00e4ndler-Beziehung und zwischen anderen, Akteuren wie \u00c4rzten und Patienten, unterscheidet uns von allen anderen globalen Herstellern oder Importeuren.<\/p>\n<p>Wir bei <strong>Schirmen Pharmaceuticals GmbH<\/strong> haben uns zum Ziel gesetzt, ein Partnernetzwerk auf der ganzen<br \/>\nWelt aufzubauen, dass das Ziel hat, dem Markt innovative und preiswerte L\u00f6sungen anzubieten.<\/p>\n<p>Unser Fokus liegt auf neuartigen therapeutischen Medikamenten und L\u00f6sungen, die uns helfen k\u00f6nnen, die Anforderungen unserer Endbenutzer an ein gesundes Leben zu erf\u00fcllen.<\/p>\n<p>Wenn Sie das Bestreben haben, \u00fcber ihre jetzigen Grenzen hinweg zu wachsen, freuen wir uns \u00fcber Sie als neuen Partner mit Ihren Vorschl\u00e4gen. Unser Kontakt: <a href=\"mailto:business@schirmen-pharma.com\">business@schirmen-pharma.com<\/a>[\/vc_column_text][vc_empty_space height=&#8220;50px&#8220;][\/vc_column][vc_column offset=&#8220;vc_col-lg-6 vc_col-xs-12&#8243;][vc_single_image image=&#8220;10425&#8243; img_size=&#8220;full&#8220; alignment=&#8220;center&#8220;][\/vc_column][\/vc_row]<\/p>\n<\/div>","protected":false},"excerpt":{"rendered":"<p>[vc_row row_content_width=&#8220;grid&#8220; content_text_aligment=&#8220;left&#8220; css=&#8220;.vc_custom_1589477693101{padding-top: 35px !important;padding-bottom: 35px !important;}&#8220; el_class=&#8220;three-top-icon&#8220; simple_background_color=&#8220;#453487&#8243;][vc_column offset=&#8220;vc_col-md-4 vc_col-xs-12&#8243;][\/vc_column][vc_column css=&#8220;.vc_custom_1493295882034{margin-top: 0px !important;margin-bottom: 0px !important;border-right-width: 1px !important;border-left-width: 1px !important;padding-top: 0px !important;padding-bottom: 0px !important;border-left-color: #e2e2e2 !important;border-left-style: solid !important;border-right-color: #e2e2e2 !important;border-right-style: solid !important;}&#8220; offset=&#8220;vc_col-md-4 vc_col-xs-12&#8243;][\/vc_column][vc_column offset=&#8220;vc_col-md-4 vc_col-xs-12&#8243;][\/vc_column][\/vc_row][vc_row row_content_width=&#8220;grid&#8220; content_text_aligment=&#8220;center&#8220; css=&#8220;.vc_custom_1589830253312{padding-top: [&hellip;]<\/p>\n","protected":false},"author":1,"featured_media":0,"parent":0,"menu_order":0,"comment_status":"closed","ping_status":"closed","template":"full-width.php","meta":{"footnotes":""},"class_list":["post-10051","page","type-page","status-publish","hentry"],"yoast_head":"<!-- This site is optimized with the Yoast SEO plugin v26.9 - https:\/\/yoast.com\/product\/yoast-seo-wordpress\/ -->\n<title>Partner - Schirmen Pharmaceuticals GmbH<\/title>\n<meta name=\"robots\" content=\"index, follow, max-snippet:-1, max-image-preview:large, max-video-preview:-1\" \/>\n<link rel=\"canonical\" href=\"https:\/\/www.schirmen-pharma.com\/de\/partner\/\" \/>\n<meta property=\"og:locale\" content=\"de_DE\" \/>\n<meta property=\"og:type\" content=\"article\" \/>\n<meta property=\"og:title\" content=\"Partner - Schirmen Pharmaceuticals GmbH\" \/>\n<meta property=\"og:description\" content=\"[vc_row row_content_width=&#8220;grid&#8220; content_text_aligment=&#8220;left&#8220; css=&#8220;.vc_custom_1589477693101{padding-top: 35px !important;padding-bottom: 35px !important;}&#8220; el_class=&#8220;three-top-icon&#8220; simple_background_color=&#8220;#453487&#8243;][vc_column offset=&#8220;vc_col-md-4 vc_col-xs-12&#8243;][\/vc_column][vc_column css=&#8220;.vc_custom_1493295882034{margin-top: 0px !important;margin-bottom: 0px !important;border-right-width: 1px !important;border-left-width: 1px !important;padding-top: 0px !important;padding-bottom: 0px !important;border-left-color: #e2e2e2 !important;border-left-style: solid !important;border-right-color: #e2e2e2 !important;border-right-style: solid !important;}&#8220; offset=&#8220;vc_col-md-4 vc_col-xs-12&#8243;][\/vc_column][vc_column offset=&#8220;vc_col-md-4 vc_col-xs-12&#8243;][\/vc_column][\/vc_row][vc_row row_content_width=&#8220;grid&#8220; content_text_aligment=&#8220;center&#8220; css=&#8220;.vc_custom_1589830253312{padding-top: [&hellip;]\" \/>\n<meta property=\"og:url\" content=\"https:\/\/www.schirmen-pharma.com\/de\/partner\/\" \/>\n<meta property=\"og:site_name\" content=\"Schirmen Pharmaceuticals GmbH\" \/>\n<meta property=\"article:modified_time\" content=\"2020-08-20T10:31:59+00:00\" \/>\n<meta name=\"twitter:card\" content=\"summary_large_image\" \/>\n<meta name=\"twitter:label1\" content=\"Gesch\u00e4tzte Lesezeit\" \/>\n\t<meta name=\"twitter:data1\" content=\"5\u00a0Minuten\" \/>\n<script type=\"application\/ld+json\" class=\"yoast-schema-graph\">{\"@context\":\"https:\/\/schema.org\",\"@graph\":[{\"@type\":\"WebPage\",\"@id\":\"https:\/\/www.schirmen-pharma.com\/de\/partner\/\",\"url\":\"https:\/\/www.schirmen-pharma.com\/de\/partner\/\",\"name\":\"Partner - Schirmen Pharmaceuticals GmbH\",\"isPartOf\":{\"@id\":\"https:\/\/www.schirmen-pharma.com\/#website\"},\"datePublished\":\"2017-04-21T12:34:06+00:00\",\"dateModified\":\"2020-08-20T10:31:59+00:00\",\"breadcrumb\":{\"@id\":\"https:\/\/www.schirmen-pharma.com\/de\/partner\/#breadcrumb\"},\"inLanguage\":\"de\",\"potentialAction\":[{\"@type\":\"ReadAction\",\"target\":[\"https:\/\/www.schirmen-pharma.com\/de\/partner\/\"]}]},{\"@type\":\"BreadcrumbList\",\"@id\":\"https:\/\/www.schirmen-pharma.com\/de\/partner\/#breadcrumb\",\"itemListElement\":[{\"@type\":\"ListItem\",\"position\":1,\"name\":\"Home\",\"item\":\"https:\/\/www.schirmen-pharma.com\/de\/\"},{\"@type\":\"ListItem\",\"position\":2,\"name\":\"Partner\"}]},{\"@type\":\"WebSite\",\"@id\":\"https:\/\/www.schirmen-pharma.com\/#website\",\"url\":\"https:\/\/www.schirmen-pharma.com\/\",\"name\":\"Schirmen Pharmaceuticals GmbH\",\"description\":\"Quality Medicine, Trusted Care.\",\"potentialAction\":[{\"@type\":\"SearchAction\",\"target\":{\"@type\":\"EntryPoint\",\"urlTemplate\":\"https:\/\/www.schirmen-pharma.com\/?s={search_term_string}\"},\"query-input\":{\"@type\":\"PropertyValueSpecification\",\"valueRequired\":true,\"valueName\":\"search_term_string\"}}],\"inLanguage\":\"de\"}]}<\/script>\n<!-- \/ Yoast SEO plugin. -->","yoast_head_json":{"title":"Partner - Schirmen Pharmaceuticals GmbH","robots":{"index":"index","follow":"follow","max-snippet":"max-snippet:-1","max-image-preview":"max-image-preview:large","max-video-preview":"max-video-preview:-1"},"canonical":"https:\/\/www.schirmen-pharma.com\/de\/partner\/","og_locale":"de_DE","og_type":"article","og_title":"Partner - Schirmen Pharmaceuticals GmbH","og_description":"[vc_row row_content_width=&#8220;grid&#8220; content_text_aligment=&#8220;left&#8220; css=&#8220;.vc_custom_1589477693101{padding-top: 35px !important;padding-bottom: 35px !important;}&#8220; el_class=&#8220;three-top-icon&#8220; simple_background_color=&#8220;#453487&#8243;][vc_column offset=&#8220;vc_col-md-4 vc_col-xs-12&#8243;][\/vc_column][vc_column css=&#8220;.vc_custom_1493295882034{margin-top: 0px !important;margin-bottom: 0px !important;border-right-width: 1px !important;border-left-width: 1px !important;padding-top: 0px !important;padding-bottom: 0px !important;border-left-color: #e2e2e2 !important;border-left-style: solid !important;border-right-color: #e2e2e2 !important;border-right-style: solid !important;}&#8220; offset=&#8220;vc_col-md-4 vc_col-xs-12&#8243;][\/vc_column][vc_column offset=&#8220;vc_col-md-4 vc_col-xs-12&#8243;][\/vc_column][\/vc_row][vc_row row_content_width=&#8220;grid&#8220; content_text_aligment=&#8220;center&#8220; css=&#8220;.vc_custom_1589830253312{padding-top: [&hellip;]","og_url":"https:\/\/www.schirmen-pharma.com\/de\/partner\/","og_site_name":"Schirmen Pharmaceuticals GmbH","article_modified_time":"2020-08-20T10:31:59+00:00","twitter_card":"summary_large_image","twitter_misc":{"Gesch\u00e4tzte Lesezeit":"5\u00a0Minuten"},"schema":{"@context":"https:\/\/schema.org","@graph":[{"@type":"WebPage","@id":"https:\/\/www.schirmen-pharma.com\/de\/partner\/","url":"https:\/\/www.schirmen-pharma.com\/de\/partner\/","name":"Partner - Schirmen Pharmaceuticals GmbH","isPartOf":{"@id":"https:\/\/www.schirmen-pharma.com\/#website"},"datePublished":"2017-04-21T12:34:06+00:00","dateModified":"2020-08-20T10:31:59+00:00","breadcrumb":{"@id":"https:\/\/www.schirmen-pharma.com\/de\/partner\/#breadcrumb"},"inLanguage":"de","potentialAction":[{"@type":"ReadAction","target":["https:\/\/www.schirmen-pharma.com\/de\/partner\/"]}]},{"@type":"BreadcrumbList","@id":"https:\/\/www.schirmen-pharma.com\/de\/partner\/#breadcrumb","itemListElement":[{"@type":"ListItem","position":1,"name":"Home","item":"https:\/\/www.schirmen-pharma.com\/de\/"},{"@type":"ListItem","position":2,"name":"Partner"}]},{"@type":"WebSite","@id":"https:\/\/www.schirmen-pharma.com\/#website","url":"https:\/\/www.schirmen-pharma.com\/","name":"Schirmen Pharmaceuticals GmbH","description":"Quality Medicine, Trusted Care.","potentialAction":[{"@type":"SearchAction","target":{"@type":"EntryPoint","urlTemplate":"https:\/\/www.schirmen-pharma.com\/?s={search_term_string}"},"query-input":{"@type":"PropertyValueSpecification","valueRequired":true,"valueName":"search_term_string"}}],"inLanguage":"de"}]}},"_links":{"self":[{"href":"https:\/\/www.schirmen-pharma.com\/de\/wp-json\/wp\/v2\/pages\/10051","targetHints":{"allow":["GET"]}}],"collection":[{"href":"https:\/\/www.schirmen-pharma.com\/de\/wp-json\/wp\/v2\/pages"}],"about":[{"href":"https:\/\/www.schirmen-pharma.com\/de\/wp-json\/wp\/v2\/types\/page"}],"author":[{"embeddable":true,"href":"https:\/\/www.schirmen-pharma.com\/de\/wp-json\/wp\/v2\/users\/1"}],"replies":[{"embeddable":true,"href":"https:\/\/www.schirmen-pharma.com\/de\/wp-json\/wp\/v2\/comments?post=10051"}],"version-history":[{"count":14,"href":"https:\/\/www.schirmen-pharma.com\/de\/wp-json\/wp\/v2\/pages\/10051\/revisions"}],"predecessor-version":[{"id":10472,"href":"https:\/\/www.schirmen-pharma.com\/de\/wp-json\/wp\/v2\/pages\/10051\/revisions\/10472"}],"wp:attachment":[{"href":"https:\/\/www.schirmen-pharma.com\/de\/wp-json\/wp\/v2\/media?parent=10051"}],"curies":[{"name":"wp","href":"https:\/\/api.w.org\/{rel}","templated":true}]}}